{"id":697,"date":"2025-05-30T07:07:17","date_gmt":"2025-05-30T07:07:17","guid":{"rendered":"https:\/\/chiropracticnerja.com\/om-os\/"},"modified":"2025-06-04T07:37:49","modified_gmt":"2025-06-04T07:37:49","slug":"om-os","status":"publish","type":"page","link":"https:\/\/chiropracticnerja.com\/da\/om-os\/","title":{"rendered":"Om os"},"content":{"rendered":"<p>[et_pb_section fb_built=&#8221;1&#8243; admin_label=&#8221;Header&#8221; _builder_version=&#8221;4.16&#8243; custom_margin=&#8221;||&#8221; custom_padding=&#8221;6vw|||||&#8221; global_colors_info=&#8221;{}&#8221;][et_pb_row column_structure=&#8221;3_5,2_5&#8243; _builder_version=&#8221;4.27.4&#8243; custom_padding=&#8221;0px|||||&#8221; global_colors_info=&#8221;{}&#8221;][et_pb_column type=&#8221;3_5&#8243; _builder_version=&#8221;4.16&#8243; custom_padding=&#8221;|||&#8221; global_colors_info=&#8221;{}&#8221; custom_padding__hover=&#8221;|||&#8221;][et_pb_text _builder_version=&#8221;4.27.4&#8243; text_font=&#8221;||||||||&#8221; header_font=&#8221;Gentium Basic|700|||||||&#8221; header_font_size=&#8221;70px&#8221; header_line_height=&#8221;1.2em&#8221; text_orientation=&#8221;center&#8221; header_font_size_tablet=&#8221;40px&#8221; header_font_size_phone=&#8221;25px&#8221; header_font_size_last_edited=&#8221;on|phone&#8221; locked=&#8221;off&#8221; global_colors_info=&#8221;{}&#8221;]<\/p>\n<h1>Om os.<\/h1>\n<p class=\"elementor-icon-box-title\" style=\"text-align: left;\"><span>I over 30 \u00e5r har vores team v\u00e6ret passioneret og dedikeret til at hj\u00e6lpe folk med led- og muskelsmerter i alle aldre.<\/span><\/p>\n<p class=\"elementor-icon-box-title\" style=\"text-align: left;\"><span>Med mange \u00e5rs erfaring i at hj\u00e6lpe patienter med en bred vifte af symptomer er vi stolte af at levere en venlig, omsorgsfuld og effektiv behandlingsservice, der hj\u00e6lper dig med at leve et mere behageligt og aktivt liv.<\/span><\/p>\n<p class=\"elementor-icon-box-title\" style=\"text-align: left;\"><span>Knud, ejeren af Chiropractic Clinic Nerja, har over 30 \u00e5rs erfaring. Han er uddannet p\u00e5 Palmer College of Chiropractic, Iowa, USA. Knud har arbejdet i Danmark, England og de sidste 30 \u00e5r her i Spanien. Talte sprog: Skandinavisk (dansk, svensk og norsk), engelsk, spansk og tysk.   <\/span><\/p>\n<p>[\/et_pb_text][et_pb_blurb title=&#8221;Betroet af over 6000 glade patienter&#8221; use_icon=&#8221;on&#8221; font_icon=&#8221;&#xe052;||divi||400&#8243; icon_color=&#8221;#9fce5a&#8221; image_icon_width=&#8221;30px&#8221; _builder_version=&#8221;4.27.4&#8243; header_font=&#8221;|700|||||||&#8221; header_font_size=&#8221;16px&#8221; text_orientation=&#8221;center&#8221; animation=&#8221;off&#8221; icon_font_size=&#8221;30px&#8221; locked=&#8221;off&#8221; global_colors_info=&#8221;{}&#8221;][\/et_pb_blurb][\/et_pb_column][et_pb_column type=&#8221;2_5&#8243; _builder_version=&#8221;4.16&#8243; custom_padding=&#8221;|||&#8221; global_colors_info=&#8221;{}&#8221; custom_padding__hover=&#8221;|||&#8221;][et_pb_image src=&#8221;https:\/\/chiropracticnerja.com\/wp-content\/uploads\/2025\/06\/chiropractor-at-work.jpg&#8221; alt=&#8221;Kiropraktisk klinik i Nerja&#8221; title_text=&#8221;Kiropraktor p\u00e5 arbejde&#8221; _builder_version=&#8221;4.27.4&#8243; max_width_tablet=&#8221;400px&#8221; max_width_phone=&#8221;300px&#8221; max_width_last_edited=&#8221;on|desktop&#8221; custom_margin=&#8221;|-6vw||&#8221; custom_margin_tablet=&#8221;6vw|||0px&#8221; custom_margin_phone=&#8221;&#8221; custom_margin_last_edited=&#8221;on|tablet&#8221; box_shadow_style=&#8221;preset4&#8243; box_shadow_horizontal=&#8221;6vw&#8221; box_shadow_vertical=&#8221;-6vw&#8221; box_shadow_color=&#8221;#25b1e8&#8243; locked=&#8221;off&#8221; global_colors_info=&#8221;{}&#8221;][\/et_pb_image][\/et_pb_column][\/et_pb_row][\/et_pb_section][et_pb_section fb_built=&#8221;1&#8243; _builder_version=&#8221;4.27.4&#8243; background_color=&#8221;#f7f7f7&#8243; background_enable_image=&#8221;off&#8221; width=&#8221;95%&#8221; custom_margin=&#8221;8vw||&#8221; global_colors_info=&#8221;{}&#8221;][et_pb_row column_structure=&#8221;1_2,1_2&#8243; _builder_version=&#8221;4.16&#8243; global_colors_info=&#8221;{}&#8221;][et_pb_column type=&#8221;1_2&#8243; _builder_version=&#8221;4.16&#8243; custom_padding=&#8221;|||&#8221; global_colors_info=&#8221;{}&#8221; custom_padding__hover=&#8221;|||&#8221;][et_pb_image src=&#8221;https:\/\/chiropracticnerja.com\/wp-content\/uploads\/2025\/06\/2.jpg&#8221; title_text=&#8221;2&#8243; _builder_version=&#8221;4.27.4&#8243; max_width_tablet=&#8221;400px&#8221; max_width_phone=&#8221;&#8221; max_width_last_edited=&#8221;on|tablet&#8221; module_alignment=&#8221;left&#8221; custom_margin=&#8221;-10vw|||||&#8221; custom_margin_tablet=&#8221;0px|||&#8221; custom_margin_last_edited=&#8221;off|phone&#8221; locked=&#8221;off&#8221; global_colors_info=&#8221;{}&#8221;][\/et_pb_image][\/et_pb_column][et_pb_column type=&#8221;1_2&#8243; _builder_version=&#8221;4.16&#8243; custom_padding=&#8221;|||&#8221; global_colors_info=&#8221;{}&#8221; custom_padding__hover=&#8221;|||&#8221;][et_pb_text _builder_version=&#8221;4.27.4&#8243; text_font=&#8221;||||||||&#8221; text_line_height=&#8221;2em&#8221; header_font=&#8221;||||||||&#8221; header_2_font=&#8221;Gentium Basic|700|||||||&#8221; header_2_font_size=&#8221;50px&#8221; header_2_line_height=&#8221;1.2em&#8221; header_4_font=&#8221;Gentium Basic|700|||||||&#8221; header_4_font_size=&#8221;40px&#8221; header_4_line_height=&#8221;1.2em&#8221; text_font_size_tablet=&#8221;&#8221; text_font_size_phone=&#8221;15px&#8221; text_font_size_last_edited=&#8221;on|phone&#8221; header_2_font_size_tablet=&#8221;40px&#8221; header_2_font_size_phone=&#8221;25px&#8221; header_2_font_size_last_edited=&#8221;on|phone&#8221; header_4_font_size_tablet=&#8221;30px&#8221; header_4_font_size_phone=&#8221;22px&#8221; header_4_font_size_last_edited=&#8221;on|phone&#8221; locked=&#8221;off&#8221; global_colors_info=&#8221;{}&#8221;]<\/p>\n<h2>Vores m\u00e5l<\/h2>\n<p><span>Vores m\u00e5l er at finde ud af, hvad dine \u00f8nsker og behov er med hensyn til rygs\u00f8jlen, og at hj\u00e6lpe dig med at n\u00e5 dem. Uanset om det er en ny skade eller noget, der har generet dig i \u00e5revis, er vi her for at hj\u00e6lpe dig. Vi vil uddanne og betjene dig gennem moderne og effektiv kiropraktisk behandling, s\u00e5 du kan opn\u00e5 og opretholde et h\u00f8jt niveau af rygsundhed.  <\/span><\/p>\n<p>[\/et_pb_text][et_pb_button button_url=&#8221;@ET-DC@eyJkeW5hbWljIjp0cnVlLCJjb250ZW50IjoicG9zdF9saW5rX3VybF9wYWdlIiwic2V0dGluZ3MiOnsicG9zdF9pZCI6IjM1NCJ9fQ==@&#8221; button_text=&#8221;Lav en aftale&#8221; _builder_version=&#8221;4.27.4&#8243; _dynamic_attributes=&#8221;button_url&#8221; _module_preset=&#8221;default&#8221; custom_button=&#8221;on&#8221; button_text_size=&#8221;17px&#8221; global_colors_info=&#8221;{}&#8221;][\/et_pb_button][\/et_pb_column][\/et_pb_row][\/et_pb_section][et_pb_section fb_built=&#8221;1&#8243; admin_label=&#8221;Team&#8221; _builder_version=&#8221;4.27.4&#8243; background_color=&#8221;#f7f7f7&#8243; background_enable_image=&#8221;off&#8221; width=&#8221;95%&#8221; custom_padding=&#8221;||100px|||&#8221; locked=&#8221;off&#8221; global_colors_info=&#8221;{}&#8221;][et_pb_row admin_label=&#8221;Titelr\u00e6kke&#8221; _builder_version=&#8221;4.16&#8243; global_colors_info=&#8221;{}&#8221;][et_pb_column type=&#8221;4_4&#8243; _builder_version=&#8221;4.16&#8243; custom_padding=&#8221;|||&#8221; global_colors_info=&#8221;{}&#8221; custom_padding__hover=&#8221;|||&#8221;][et_pb_text _builder_version=&#8221;4.27.4&#8243; text_font=&#8221;||||||||&#8221; text_line_height=&#8221;2em&#8221; header_2_font=&#8221;Gentium Basic|700|||||||&#8221; header_2_font_size=&#8221;50px&#8221; header_2_line_height=&#8221;1.2em&#8221; text_orientation=&#8221;center&#8221; max_width=&#8221;600px&#8221; module_alignment=&#8221;center&#8221; text_font_size_tablet=&#8221;&#8221; text_font_size_phone=&#8221;15px&#8221; text_font_size_last_edited=&#8221;on|desktop&#8221; header_2_font_size_tablet=&#8221;40px&#8221; header_2_font_size_phone=&#8221;25px&#8221; header_2_font_size_last_edited=&#8221;on|phone&#8221; locked=&#8221;off&#8221; global_colors_info=&#8221;{}&#8221;]<\/p>\n<h2>Vores professionelle team<\/h2>\n<p>[\/et_pb_text][\/et_pb_column][\/et_pb_row][et_pb_row column_structure=&#8221;1_3,1_3,1_3&#8243; use_custom_gutter=&#8221;on&#8221; gutter_width=&#8221;2&#8243; admin_label=&#8221;L\u00e6rernes r\u00e6kke&#8221; _builder_version=&#8221;4.27.4&#8243; global_colors_info=&#8221;{}&#8221;][et_pb_column type=&#8221;1_3&#8243; _builder_version=&#8221;4.16&#8243; custom_padding=&#8221;|||&#8221; global_colors_info=&#8221;{}&#8221; custom_padding__hover=&#8221;|||&#8221;][et_pb_team_member name=&#8221;Knud Byrjalsan&#8221; position=&#8221;Kiropraktor&#8221; image_url=&#8221;https:\/\/chiropracticnerja.com\/wp-content\/uploads\/2025\/06\/Knud-at-work-1.jpg&#8221; _builder_version=&#8221;4.27.4&#8243; header_font=&#8221;|600|||||||&#8221; header_text_align=&#8221;center&#8221; header_font_size=&#8221;18px&#8221; header_line_height=&#8221;1.6em&#8221; body_line_height=&#8221;1.2em&#8221; position_text_align=&#8221;center&#8221; global_colors_info=&#8221;{}&#8221;][\/et_pb_team_member][\/et_pb_column][et_pb_column type=&#8221;1_3&#8243; _builder_version=&#8221;4.16&#8243; custom_padding=&#8221;|||&#8221; global_colors_info=&#8221;{}&#8221; custom_padding__hover=&#8221;|||&#8221;][et_pb_team_member name=&#8221;Mar\u00eda Jos\u00e9 Escobar&#8221; position=&#8221;Fysioterapeut&#8221; image_url=&#8221;https:\/\/chiropracticnerja.com\/wp-content\/uploads\/2025\/06\/Maria-at-work-1.jpg&#8221; _builder_version=&#8221;4.27.4&#8243; header_font=&#8221;|600|||||||&#8221; header_text_align=&#8221;center&#8221; header_font_size=&#8221;18px&#8221; header_line_height=&#8221;1.6em&#8221; body_line_height=&#8221;1.2em&#8221; position_text_align=&#8221;center&#8221; global_colors_info=&#8221;{}&#8221;][\/et_pb_team_member][\/et_pb_column][et_pb_column type=&#8221;1_3&#8243; _builder_version=&#8221;4.27.4&#8243; custom_padding=&#8221;|||&#8221; global_colors_info=&#8221;{}&#8221; custom_padding__hover=&#8221;|||&#8221;][et_pb_team_member name=&#8221;Victoria Poppy Carrott  &#8221; position=&#8221;Modtagelse og administration&#8221; image_url=&#8221;https:\/\/chiropracticnerja.com\/wp-content\/uploads\/2025\/06\/Poppy-Carrott.jpg&#8221; _builder_version=&#8221;4.27.4&#8243; header_font=&#8221;|600|||||||&#8221; header_text_align=&#8221;center&#8221; header_font_size=&#8221;18px&#8221; header_line_height=&#8221;1.6em&#8221; body_line_height=&#8221;1.2em&#8221; position_text_align=&#8221;center&#8221; global_colors_info=&#8221;{}&#8221;][\/et_pb_team_member][\/et_pb_column][\/et_pb_row][\/et_pb_section][et_pb_section fb_built=&#8221;1&#8243; custom_padding_last_edited=&#8221;on|phone&#8221; admin_label=&#8221;Testimonials&#8221; _builder_version=&#8221;4.27.4&#8243; background_color=&#8221;#9fce5a&#8221; z_index=&#8221;1&#8243; max_width=&#8221;90%&#8221; max_width_tablet=&#8221;&#8221; max_width_phone=&#8221;95%&#8221; max_width_last_edited=&#8221;on|desktop&#8221; custom_padding=&#8221;|||10vw&#8221; custom_padding_tablet=&#8221;|||0vw&#8221; custom_padding_phone=&#8221;&#8221; global_colors_info=&#8221;{}&#8221;][et_pb_row column_structure=&#8221;2_5,3_5&#8243; _builder_version=&#8221;4.16&#8243; global_colors_info=&#8221;{}&#8221;][et_pb_column type=&#8221;2_5&#8243; _builder_version=&#8221;4.16&#8243; custom_padding=&#8221;|||&#8221; global_colors_info=&#8221;{}&#8221; custom_padding__hover=&#8221;|||&#8221;][et_pb_text _builder_version=&#8221;4.16&#8243; text_font=&#8221;||||||||&#8221; text_font_size=&#8221;16px&#8221; text_line_height=&#8221;2em&#8221; header_2_font=&#8221;Gentium Basic|700|||||||&#8221; header_2_font_size=&#8221;50px&#8221; header_2_line_height=&#8221;1.2em&#8221; background_layout=&#8221;dark&#8221; header_2_font_size_tablet=&#8221;40px&#8221; header_2_font_size_phone=&#8221;25px&#8221; header_2_font_size_last_edited=&#8221;on|phone&#8221; locked=&#8221;off&#8221; global_colors_info=&#8221;{}&#8221;]<\/p>\n<h2>Hvad folk siger om os.<\/h2>\n<p>[\/et_pb_text][et_pb_button _builder_version=&#8221;4.27.4&#8243; _module_preset=&#8221;default&#8221; global_colors_info=&#8221;{}&#8221;][\/et_pb_button][\/et_pb_column][et_pb_column type=&#8221;3_5&#8243; _builder_version=&#8221;4.16&#8243; custom_padding=&#8221;|||&#8221; global_colors_info=&#8221;{}&#8221; custom_padding__hover=&#8221;|||&#8221;][et_pb_image src=&#8221;https:\/\/chiropracticnerja.com\/wp-content\/uploads\/2025\/05\/quote-light.png&#8221; _builder_version=&#8221;4.16&#8243; module_alignment=&#8221;center&#8221; custom_margin=&#8221;|||80px&#8221; custom_margin_tablet=&#8221;&#8221; custom_margin_phone=&#8221;|||40px&#8221; custom_margin_last_edited=&#8221;on|phone&#8221; global_colors_info=&#8221;{}&#8221;][\/et_pb_image][et_pb_slider _builder_version=&#8221;4.27.4&#8243; header_level=&#8221;h4&#8243; header_font=&#8221;|600|||||||&#8221; header_font_size=&#8221;18px&#8221; header_line_height=&#8221;1.5em&#8221; body_font=&#8221;Work Sans|600|||||||&#8221; body_line_height=&#8221;1.5em&#8221; text_orientation=&#8221;left&#8221; custom_margin=&#8221;-60px||||false|false&#8221; custom_padding=&#8221;0px||&#8221; header_font_size_tablet=&#8221;&#8221; header_font_size_phone=&#8221;16px&#8221; header_font_size_last_edited=&#8221;on|phone&#8221; header_text_shadow_style=&#8221;preset1&#8243; header_text_shadow_color=&#8221;rgba(0,0,0,0)&#8221; global_colors_info=&#8221;{}&#8221; max_width__hover=&#8221;100%&#8221; max_width__hover_enabled=&#8221;100%&#8221;][et_pb_slide heading=&#8221;Den bedste kiropraktor, jeg har v\u00e6ret hos. Vidende, blid, virkelig god til det, han g\u00f8r! Han opfangede s\u00e5 mange ting, som min typiske kiropraktor overs\u00e5. Migr\u00e6ne v\u00e6k i en session. Jeg kommer helt sikkert tilbage! Hans kontor er ogs\u00e5 fabelagtigt       &#8221; _builder_version=&#8221;4.27.4&#8243; header_font=&#8221;||||||||&#8221; background_color=&#8221;rgba(126,190,197,0)&#8221; global_colors_info=&#8221;{}&#8221; sticky_transition=&#8221;on&#8221;]<\/p>\n<p>&#8211; Gracie White<\/p>\n<p>[\/et_pb_slide][et_pb_slide heading=&#8221;Utrolig kiropraktor. Har v\u00e6ret hos mange rundt omkring i verden, og dette sted er en favorit og fortjener 5 stjerner. Knud er meget flittig, fokuseret, br\u00e6nder for at hj\u00e6lpe os alle med at blive sundere v\u00e6sener og ved, hvad han laver. Jeg er vild med, hvordan han forklarer mig tingene under behandlingen, hvilket skaber tillid, og hvor omfattende behandlingen er. Dette sted er en meget velsmurt maskine &#8211; jeg WhatsAppede dem og kunne komme n\u00e6ste dag, og kunne f\u00e5 en opf\u00f8lgning kort tid efter.    &#8221; _builder_version=&#8221;4.27.4&#8243; header_font=&#8221;||||||||&#8221; background_color=&#8221;rgba(126,190,197,0)&#8221; global_colors_info=&#8221;{}&#8221; sticky_transition=&#8221;on&#8221;]<\/p>\n<p>&#8211; Anne Lepelaars<\/p>\n<p>[\/et_pb_slide][et_pb_slide heading=&#8221;Bedste klinik og kiropraktor\/l\u00e6ge jeg nogensinde har m\u00f8dt!!! Har s\u00f8gt masser af behandling i flere \u00e5r uden at f\u00e5 hj\u00e6lp. Han fandt straks mine problemer og stillede diagnose efter diagnose og behandlede mig med det samme!!! S\u00e5 utrolig kompetent og en utrolig serviceminded receptionist. Ren, utrolig frisk!!! Kan varmt anbefale denne klinik. Og s\u00e5 videre. Nilla      &#8221; _builder_version=&#8221;4.27.4&#8243; header_font=&#8221;||||||||&#8221; background_color=&#8221;rgba(126,190,197,0)&#8221; global_colors_info=&#8221;{}&#8221; sticky_transition=&#8221;on&#8221;]<\/p>\n<p>&#8211; Gunilla Mathiasson<\/p>\n<p>[\/et_pb_slide][et_pb_slide heading=&#8221;Meget professionel Det har l\u00f8st det problem, jeg havde.&#8221; _builder_version=&#8221;4.27.4&#8243; header_font=&#8221;||||||||&#8221; background_color=&#8221;rgba(126,190,197,0)&#8221; global_colors_info=&#8221;{}&#8221; sticky_transition=&#8221;on&#8221;]<\/p>\n<p>&#8211; Cosma Tamas<\/p>\n<p>[\/et_pb_slide][\/et_pb_slider][et_pb_button button_url=&#8221;https:\/\/www.google.com\/maps\/place\/Clinica+Quiropractica+Nerja\/@36.7421205,-3.8870199,17z\/data=!3m1!5s0xd722515131db051:0xcb498784b0bfc2ab!4m8!3m7!1s0xd7225120fd6daa3:0x85da678a187e8332!8m2!3d36.7421162!4d-3.884445!9m1!1b1!16s%2Fg%2F1tf6yq36?entry=ttu&amp;g_ep=EgoyMDI1MDUyNi4wIKXMDSoJLDEwMjExNDUzSAFQAw%3D%3D&#8221; button_text=&#8221;L\u00e6s flere anmeldelser p\u00e5 Google&#8221; button_alignment=&#8221;center&#8221; _builder_version=&#8221;4.27.4&#8243; _module_preset=&#8221;default&#8221; custom_button=&#8221;on&#8221; button_text_size=&#8221;17px&#8221; custom_margin=&#8221;-50px||-50px||false|false&#8221; global_colors_info=&#8221;{}&#8221;][\/et_pb_button][\/et_pb_column][\/et_pb_row][\/et_pb_section][et_pb_section fb_built=&#8221;1&#8243; admin_label=&#8221;Footer&#8221; _builder_version=&#8221;4.27.4&#8243; background_color=&#8221;RGBA(255,255,255,0)&#8221; use_background_color_gradient=&#8221;on&#8221; background_color_gradient_direction=&#8221;220deg&#8221; background_color_gradient_stops=&#8221;#ffffff 27%|rgba(255,255,255,0) 84%&#8221; background_color_gradient_overlays_image=&#8221;on&#8221; background_color_gradient_start=&#8221;#ffffff&#8221; background_color_gradient_start_position=&#8221;27%&#8221; background_color_gradient_end=&#8221;rgba(255,255,255,0)&#8221; background_color_gradient_end_position=&#8221;84%&#8221; background_image=&#8221;https:\/\/chiropracticnerja.com\/wp-content\/uploads\/2025\/05\/chiropractor-09.jpg&#8221; background_position=&#8221;top_center&#8221; custom_padding=&#8221;5vw|0px|20vw|0px|false|false&#8221; box_shadow_style=&#8221;preset7&#8243; box_shadow_horizontal=&#8221;10vw&#8221; box_shadow_vertical=&#8221;15vw&#8221; box_shadow_color=&#8221;#cccccc&#8221; box_shadow_vertical_tablet=&#8221;30vw&#8221; box_shadow_vertical_phone=&#8221;60vw&#8221; box_shadow_vertical_last_edited=&#8221;on|desktop&#8221; saved_tabs=&#8221;all&#8221; locked=&#8221;off&#8221; global_colors_info=&#8221;{}&#8221;][et_pb_row column_structure=&#8221;1_2,1_2&#8243; _builder_version=&#8221;4.16&#8243; locked=&#8221;off&#8221; global_colors_info=&#8221;{}&#8221;][et_pb_column type=&#8221;1_2&#8243; _builder_version=&#8221;4.16&#8243; custom_padding=&#8221;|||&#8221; global_colors_info=&#8221;{}&#8221; custom_padding__hover=&#8221;|||&#8221;][et_pb_text _builder_version=&#8221;4.27.4&#8243; text_font=&#8221;||||||||&#8221; text_font_size=&#8221;16px&#8221; text_line_height=&#8221;2em&#8221; header_2_font=&#8221;Gentium Basic|700|||||||&#8221; header_2_font_size=&#8221;50px&#8221; header_2_line_height=&#8221;1.2em&#8221; background_layout=&#8221;dark&#8221; module_alignment=&#8221;center&#8221; header_2_font_size_tablet=&#8221;40px&#8221; header_2_font_size_phone=&#8221;25px&#8221; header_2_font_size_last_edited=&#8221;on|phone&#8221; locked=&#8221;off&#8221; global_colors_info=&#8221;{}&#8221;]<\/p>\n<h2>Kontakt os<\/h2>\n<p>[\/et_pb_text][\/et_pb_column][et_pb_column type=&#8221;1_2&#8243; _builder_version=&#8221;4.16&#8243; custom_padding=&#8221;|||&#8221; global_colors_info=&#8221;{}&#8221; custom_padding__hover=&#8221;|||&#8221;][et_pb_blurb title=&#8221;Kontakt os&#8221; url=&#8221;@ET-DC@eyJkeW5hbWljIjp0cnVlLCJjb250ZW50IjoicG9zdF9saW5rX3VybF9wYWdlIiwic2V0dGluZ3MiOnsicG9zdF9pZCI6IjM1NCJ9fQ==@&#8221; url_new_window=&#8221;on&#8221; use_icon=&#8221;on&#8221; font_icon=&#8221;&#xe076;||divi||400&#8243; icon_color=&#8221;#ffffff&#8221; icon_placement=&#8221;left&#8221; image_icon_width=&#8221;19px&#8221; content_max_width=&#8221;100%&#8221; _builder_version=&#8221;4.27.4&#8243; _dynamic_attributes=&#8221;url&#8221; header_font=&#8221;|700|||||||&#8221; body_font_size=&#8221;14px&#8221; background_color=&#8221;#25b1e8&#8243; background_layout=&#8221;dark&#8221; custom_margin=&#8221;||0px&#8221; custom_margin_tablet=&#8221;0px|||&#8221; custom_margin_last_edited=&#8221;off|tablet&#8221; custom_padding=&#8221;60px|40px|20px|40px|false|true&#8221; animation=&#8221;off&#8221; icon_font_size=&#8221;19px&#8221; locked=&#8221;off&#8221; global_colors_info=&#8221;{}&#8221;][\/et_pb_blurb][et_pb_blurb title=&#8221;Ring til os&#8221; use_icon=&#8221;on&#8221; font_icon=&#8221;&#xe090;||divi||400&#8243; icon_color=&#8221;#ffffff&#8221; icon_placement=&#8221;left&#8221; image_icon_width=&#8221;19px&#8221; content_max_width=&#8221;100%&#8221; _builder_version=&#8221;4.27.4&#8243; header_font=&#8221;|700|||||||&#8221; body_font_size=&#8221;14px&#8221; background_color=&#8221;#25b1e8&#8243; background_layout=&#8221;dark&#8221; custom_margin=&#8221;||0px&#8221; custom_margin_tablet=&#8221;0px|||&#8221; custom_margin_last_edited=&#8221;off|tablet&#8221; custom_padding=&#8221;20px|40px|20px|40px|true|true&#8221; animation=&#8221;off&#8221; icon_font_size=&#8221;19px&#8221; locked=&#8221;off&#8221; global_colors_info=&#8221;{}&#8221;]<\/p>\n<p><a href=\"tlf:%20+34619421121\">+34 619421121<\/a><\/p>\n<p><a href=\"tlf:%20+34619421121\">+34952525390<\/a><\/p>\n<p>For fysioterapi ring <a href=\"tlf:%20+34669829934\">+34669829934<\/a><\/p>\n<p>[\/et_pb_blurb][et_pb_blurb title=&#8221;Kontor&#8221; use_icon=&#8221;on&#8221; font_icon=&#8221;&#xe081;||divi||400&#8243; icon_color=&#8221;#ffffff&#8221; icon_placement=&#8221;left&#8221; image_icon_width=&#8221;19px&#8221; content_max_width=&#8221;100%&#8221; _builder_version=&#8221;4.27.4&#8243; header_font=&#8221;|700|||||||&#8221; body_font_size=&#8221;14px&#8221; background_color=&#8221;#25b1e8&#8243; background_layout=&#8221;dark&#8221; custom_margin=&#8221;||0px&#8221; custom_margin_tablet=&#8221;0px|||&#8221; custom_margin_last_edited=&#8221;off|tablet&#8221; custom_padding=&#8221;20px|40px|60px|40px|false|true&#8221; animation=&#8221;off&#8221; icon_font_size=&#8221;19px&#8221; locked=&#8221;off&#8221; global_colors_info=&#8221;{}&#8221;]<\/p>\n<p>Calle Merida 2, Nerja, Malaga<\/p>\n<p>[\/et_pb_blurb][et_pb_button button_url=&#8221;https:\/\/wa.me\/34619421121&#8243; button_text=&#8221;Send en besked p\u00e5 WhatsApp&#8221; button_alignment=&#8221;left&#8221; _builder_version=&#8221;4.27.4&#8243; custom_button=&#8221;on&#8221; button_text_size=&#8221;17px&#8221; background_layout=&#8221;dark&#8221; custom_margin_tablet=&#8221;|0px||&#8221; custom_margin_last_edited=&#8221;off|desktop&#8221; button_bg_color_last_edited=&#8221;off|tablet&#8221; locked=&#8221;off&#8221; global_colors_info=&#8221;{}&#8221; button_bg_color__hover_enabled=&#8221;on&#8221; button_bg_color__hover=&#8221;#000000&#8243; button_bg_enable_color__hover=&#8221;on&#8221;][\/et_pb_button][\/et_pb_column][\/et_pb_row][\/et_pb_section]<\/p>\n","protected":false},"excerpt":{"rendered":"<p>Om os. I over 30 \u00e5r har vores team v\u00e6ret passioneret og dedikeret til at hj\u00e6lpe folk med led- og muskelsmerter i alle aldre. Med mange \u00e5rs erfaring i at hj\u00e6lpe patienter med en bred vifte af symptomer er vi stolte af at levere en venlig, omsorgsfuld og effektiv behandlingsservice, der hj\u00e6lper dig med at [&hellip;]<\/p>\n","protected":false},"author":1,"featured_media":0,"parent":0,"menu_order":0,"comment_status":"closed","ping_status":"closed","template":"","meta":{"_et_pb_use_builder":"on","_et_pb_old_content":"","_et_gb_content_width":"","footnotes":""},"class_list":["post-697","page","type-page","status-publish","hentry"],"_links":{"self":[{"href":"https:\/\/chiropracticnerja.com\/da\/wp-json\/wp\/v2\/pages\/697","targetHints":{"allow":["GET"]}}],"collection":[{"href":"https:\/\/chiropracticnerja.com\/da\/wp-json\/wp\/v2\/pages"}],"about":[{"href":"https:\/\/chiropracticnerja.com\/da\/wp-json\/wp\/v2\/types\/page"}],"author":[{"embeddable":true,"href":"https:\/\/chiropracticnerja.com\/da\/wp-json\/wp\/v2\/users\/1"}],"replies":[{"embeddable":true,"href":"https:\/\/chiropracticnerja.com\/da\/wp-json\/wp\/v2\/comments?post=697"}],"version-history":[{"count":11,"href":"https:\/\/chiropracticnerja.com\/da\/wp-json\/wp\/v2\/pages\/697\/revisions"}],"predecessor-version":[{"id":897,"href":"https:\/\/chiropracticnerja.com\/da\/wp-json\/wp\/v2\/pages\/697\/revisions\/897"}],"wp:attachment":[{"href":"https:\/\/chiropracticnerja.com\/da\/wp-json\/wp\/v2\/media?parent=697"}],"curies":[{"name":"wp","href":"https:\/\/api.w.org\/{rel}","templated":true}]}}