{"id":706,"date":"2025-05-30T07:08:52","date_gmt":"2025-05-30T07:08:52","guid":{"rendered":"https:\/\/chiropracticnerja.com\/kontakt-os\/"},"modified":"2026-03-07T10:01:23","modified_gmt":"2026-03-07T10:01:23","slug":"kontakt-os","status":"publish","type":"page","link":"https:\/\/chiropracticnerja.com\/da\/kontakt-os\/","title":{"rendered":"Kontakt os"},"content":{"rendered":"<p>[et_pb_section fb_built=&#8221;1&#8243; specialty=&#8221;on&#8221; padding_1_tablet=&#8221;0px|||&#8221; padding_1_last_edited=&#8221;off|tablet&#8221; admin_label=&#8221;Header&#8221; _builder_version=&#8221;4.16&#8243; custom_padding=&#8221;6vw|||||&#8221; box_shadow_style=&#8221;preset4&#8243; box_shadow_horizontal=&#8221;-10px&#8221; box_shadow_vertical=&#8221;0px&#8221; box_shadow_color=&#8221;#007eff&#8221; global_colors_info=&#8221;{}&#8221;][et_pb_column type=&#8221;1_3&#8243; _builder_version=&#8221;4.16&#8243; custom_padding=&#8221;|||&#8221; global_colors_info=&#8221;{}&#8221; custom_padding__hover=&#8221;|||&#8221;][et_pb_text _builder_version=&#8221;4.16&#8243; text_font=&#8221;||||||||&#8221; text_font_size=&#8221;20px&#8221; header_font=&#8221;Gentium Basic|700|||||||&#8221; header_font_size=&#8221;70px&#8221; header_line_height=&#8221;1.2em&#8221; header_font_size_tablet=&#8221;40px&#8221; header_font_size_phone=&#8221;25px&#8221; header_font_size_last_edited=&#8221;on|phone&#8221; locked=&#8221;off&#8221; global_colors_info=&#8221;{}&#8221;]<\/p>\n<h1>Kontakt os<\/h1>\n<p>[\/et_pb_text][et_pb_text _builder_version=&#8221;4.27.4&#8243; text_font=&#8221;||||||||&#8221; header_font=&#8221;||||||||&#8221; header_5_font=&#8221;|700|||||||&#8221; header_5_font_size=&#8221;18px&#8221; header_5_line_height=&#8221;1.5em&#8221; header_6_font=&#8221;|700|||||||&#8221; header_6_text_color=&#8221;#ff5932&#8243; header_6_line_height=&#8221;2em&#8221; max_width=&#8221;500px&#8221; custom_margin_tablet=&#8221;|||-46vw&#8221; custom_margin_phone=&#8221;|||0vw&#8221; custom_margin_last_edited=&#8221;off|desktop&#8221; custom_padding=&#8221;|||40px&#8221; header_5_font_size_tablet=&#8221;40px&#8221; header_5_font_size_phone=&#8221;25px&#8221; header_5_font_size_last_edited=&#8221;off|phone&#8221; header_6_font_size_tablet=&#8221;40px&#8221; header_6_font_size_phone=&#8221;25px&#8221; header_6_font_size_last_edited=&#8221;off|phone&#8221; border_color_all=&#8221;#9fce5a&#8221; border_width_left=&#8221;10px&#8221; locked=&#8221;off&#8221; global_colors_info=&#8221;{}&#8221;]<\/p>\n<div class=\"elementor-element elementor-element-df05caa elementor-widget elementor-widget-heading\" data-id=\"df05caa\" data-element_type=\"widget\" data-widget_type=\"heading.default\">\n<div class=\"elementor-widget-container\">\n<h2 class=\"elementor-heading-title elementor-size-default\">\u00c5bningstider<\/h2>\n<\/div>\n<\/div>\n<div class=\"elementor-element elementor-element-67fa3a1 elementor-widget elementor-widget-text-editor\" data-id=\"67fa3a1\" data-element_type=\"widget\" data-widget_type=\"text-editor.default\">\n<div class=\"elementor-widget-container\">\n<p>Man: 15.00 &#8211; 19.00<\/p>\n<p>Tir: 10.00 &#8211; 14.00<\/p>\n<p>Onsdag: Lukket<\/p>\n<p>Tor : 15.00 &#8211; 19.00<\/p>\n<p>Fre: 10.00 &#8211; 14.00<\/p>\n<\/div>\n<\/div>\n<p>[\/et_pb_text][\/et_pb_column][et_pb_column type=&#8221;2_3&#8243; specialty_columns=&#8221;2&#8243; _builder_version=&#8221;4.16&#8243; custom_padding=&#8221;|||&#8221; global_colors_info=&#8221;{}&#8221; custom_padding__hover=&#8221;|||&#8221;][et_pb_row_inner custom_padding_last_edited=&#8221;on|phone&#8221; _builder_version=&#8221;4.27.4&#8243; background_color=&#8221;#25b1e8&#8243; custom_margin=&#8221;0px||&#8221; custom_margin_tablet=&#8221;100px|||&#8221; custom_margin_phone=&#8221;&#8221; custom_margin_last_edited=&#8221;on|tablet&#8221; custom_padding=&#8221;80px|80px|80px|80px|true|true&#8221; custom_padding_tablet=&#8221;50px|50px|50px|50px|true|true&#8221; custom_padding_phone=&#8221;20px|20px|20px|20px|true|true&#8221; box_shadow_style=&#8221;preset4&#8243; box_shadow_horizontal=&#8221;6vw&#8221; box_shadow_vertical=&#8221;-6vw&#8221; box_shadow_color=&#8221;#cccccc&#8221; locked=&#8221;off&#8221; global_colors_info=&#8221;{}&#8221;][et_pb_column_inner saved_specialty_column_type=&#8221;2_3&#8243; _builder_version=&#8221;4.16&#8243; custom_padding=&#8221;|||&#8221; global_colors_info=&#8221;{}&#8221; custom_padding__hover=&#8221;|||&#8221;][et_pb_text _builder_version=&#8221;4.27.4&#8243; text_font=&#8221;||||||||&#8221; text_font_size=&#8221;16px&#8221; header_font=&#8221;||||||||&#8221; header_4_font=&#8221;Gentium Basic|700|||||||&#8221; header_4_font_size=&#8221;40px&#8221; header_4_line_height=&#8221;1.2em&#8221; background_layout=&#8221;dark&#8221; header_4_font_size_tablet=&#8221;30px&#8221; header_4_font_size_phone=&#8221;22px&#8221; header_4_font_size_last_edited=&#8221;on|phone&#8221; locked=&#8221;off&#8221; global_colors_info=&#8221;{}&#8221;]<\/p>\n<p><span>Send os en besked, s\u00e5 svarer vi inden for \u00e5bningstiden, eller send os en WhatsApp.<\/span><\/p>\n<p>[\/et_pb_text][wpforms_selector form_id=&#8221;625&#8243; _builder_version=&#8221;4.27.4&#8243; _module_preset=&#8221;default&#8221; global_colors_info=&#8221;{}&#8221;][\/wpforms_selector][\/et_pb_column_inner][\/et_pb_row_inner][\/et_pb_column][\/et_pb_section][et_pb_section fb_built=&#8221;1&#8243; admin_label=&#8221;Contact Info&#8221; _builder_version=&#8221;4.27.4&#8243; background_color=&#8221;#f5f5f5&#8243; background_enable_image=&#8221;off&#8221; global_colors_info=&#8221;{}&#8221;][et_pb_row column_structure=&#8221;1_2,1_2&#8243; _builder_version=&#8221;4.16&#8243; global_colors_info=&#8221;{}&#8221;][et_pb_column type=&#8221;1_2&#8243; _builder_version=&#8221;4.16&#8243; custom_padding=&#8221;|||&#8221; global_colors_info=&#8221;{}&#8221; custom_padding__hover=&#8221;|||&#8221;][et_pb_blurb title=&#8221;Send os en e-mail&#8221; url=&#8221;mailto:%20info@chiropracticnerja.com&#8221; use_icon=&#8221;on&#8221; font_icon=&#8221;&#xe076;||divi||400&#8243; icon_placement=&#8221;left&#8221; image_icon_width=&#8221;20px&#8221; _builder_version=&#8221;4.27.4&#8243; header_font=&#8221;|700|||||||&#8221; header_font_size=&#8221;17px&#8221; body_font=&#8221;|600|||||||&#8221; body_text_color=&#8221;#000000&#8243; body_font_size=&#8221;14px&#8221; body_line_height=&#8221;1.8em&#8221; icon_font_size=&#8221;20px&#8221; locked=&#8221;off&#8221; global_colors_info=&#8221;{}&#8221;][\/et_pb_blurb][et_pb_blurb title=&#8221;Ring til os&#8221; use_icon=&#8221;on&#8221; font_icon=&#8221;&#xe090;||divi||400&#8243; icon_color=&#8221;#9fce5a&#8221; icon_placement=&#8221;left&#8221; image_icon_width=&#8221;20px&#8221; _builder_version=&#8221;4.27.4&#8243; header_font=&#8221;|700|||||||&#8221; header_font_size=&#8221;17px&#8221; body_font=&#8221;|600|||||||&#8221; body_font_size=&#8221;14px&#8221; body_line_height=&#8221;1.8em&#8221; icon_font_size=&#8221;20px&#8221; locked=&#8221;off&#8221; global_colors_info=&#8221;{}&#8221;]<\/p>\n<p><a href=\"tlf:%20+34%20619421121\">+34 619421121<\/a><\/p>\n<p><a href=\"tlf:%20+34619421121\">+34952525390<\/a><\/p>\n<p>For fysioterapi ring <a href=\"tlf:%20+34669829934\">+34669829934<\/a><\/p>\n<p>[\/et_pb_blurb][et_pb_button button_url=&#8221;https:\/\/wa.me\/34619421121&#8243; button_text=&#8221;Eller send en besked p\u00e5 WhatsApp&#8221; button_alignment=&#8221;left&#8221; _builder_version=&#8221;4.27.4&#8243; custom_button=&#8221;on&#8221; button_text_size=&#8221;17px&#8221; background_layout=&#8221;dark&#8221; custom_margin_tablet=&#8221;|0px||&#8221; custom_margin_last_edited=&#8221;off|desktop&#8221; button_bg_color_last_edited=&#8221;off|tablet&#8221; locked=&#8221;off&#8221; global_colors_info=&#8221;{}&#8221; button_bg_color__hover_enabled=&#8221;on&#8221; button_bg_color__hover=&#8221;#000000&#8243; button_bg_enable_color__hover=&#8221;on&#8221;][\/et_pb_button][\/et_pb_column][et_pb_column type=&#8221;1_2&#8243; _builder_version=&#8221;4.16&#8243; custom_padding=&#8221;|||&#8221; global_colors_info=&#8221;{}&#8221; custom_padding__hover=&#8221;|||&#8221;][et_pb_blurb title=&#8221;Vores adresse&#8221; use_icon=&#8221;on&#8221; font_icon=&#8221;&#xe081;||divi||400&#8243; icon_color=&#8221;#9fce5a&#8221; icon_placement=&#8221;left&#8221; image_icon_width=&#8221;20px&#8221; content_max_width=&#8221;1100px&#8221; _builder_version=&#8221;4.27.4&#8243; header_font=&#8221;|700|||||||&#8221; header_font_size=&#8221;17px&#8221; body_font=&#8221;|600|||||||&#8221; body_font_size=&#8221;14px&#8221; body_line_height=&#8221;1.8em&#8221; icon_font_size=&#8221;20px&#8221; locked=&#8221;off&#8221; global_colors_info=&#8221;{}&#8221;]<\/p>\n<p>Calle M\u00e9rida 2<br \/>29780 Nerja<\/p>\n<p>[\/et_pb_blurb][et_pb_map address=&#8221;C. M\u00e9rida, 2, 29780 Nerja, M\u00e1laga, Spanje&#8221; zoom_level=&#8221;17&#8243; address_lat=&#8221;36.7421161&#8243; address_lng=&#8221;-3.884445&#8243; mouse_wheel=&#8221;off&#8221; _builder_version=&#8221;4.27.5&#8243; locked=&#8221;off&#8221; global_colors_info=&#8221;{}&#8221; use_grayscale_filter__hover=&#8221;off&#8221; use_grayscale_filter__hover_enabled=&#8221;off&#8221; grayscale_filter_amount__hover=&#8221;0&#8243; grayscale_filter_amount__hover_enabled=&#8221;0&#8243; child_filter_hue_rotate__hover=&#8221;0deg&#8221; child_filter_hue_rotate__hover_enabled=&#8221;0deg&#8221; child_filter_saturate__hover=&#8221;100%&#8221; child_filter_saturate__hover_enabled=&#8221;100%&#8221; child_filter_brightness__hover=&#8221;100%&#8221; child_filter_brightness__hover_enabled=&#8221;100%&#8221; child_filter_contrast__hover=&#8221;100%&#8221; child_filter_contrast__hover_enabled=&#8221;100%&#8221; child_filter_invert__hover=&#8221;0%&#8221; child_filter_invert__hover_enabled=&#8221;0%&#8221; child_filter_sepia__hover=&#8221;0%&#8221; child_filter_sepia__hover_enabled=&#8221;0%&#8221; child_filter_opacity__hover=&#8221;100%&#8221; child_filter_opacity__hover_enabled=&#8221;100%&#8221; child_filter_blur__hover=&#8221;0px&#8221; child_filter_blur__hover_enabled=&#8221;0px&#8221; child_mix_blend_mode__hover=&#8221;normal&#8221; child_mix_blend_mode__hover_enabled=&#8221;normal&#8221; box_shadow_style__hover=&#8221;none&#8221; box_shadow_style__hover_enabled=&#8221;none&#8221; box_shadow_color__hover=&#8221;rgba(0,0,0,0.3)&#8221; box_shadow_color__hover_enabled=&#8221;rgba(0,0,0,0.3)&#8221;][et_pb_map_pin title=&#8221;Clinica Quiropractica Nerja&#8221; pin_address=&#8221;C. M\u00e9rida, 2, 29780 Nerja, M\u00e1laga, Spanje&#8221; zoom_level=&#8221;13&#8243; pin_address_lat=&#8221;36.7421161&#8243; pin_address_lng=&#8221;-3.884445&#8243; _builder_version=&#8221;4.27.4&#8243; _module_preset=&#8221;default&#8221; global_colors_info=&#8221;{}&#8221;][\/et_pb_map_pin][\/et_pb_map][\/et_pb_column][\/et_pb_row][\/et_pb_section][et_pb_section fb_built=&#8221;1&#8243; _builder_version=&#8221;4.16&#8243; global_colors_info=&#8221;{}&#8221;][et_pb_row _builder_version=&#8221;4.16&#8243; max_width=&#8221;800px&#8221; global_colors_info=&#8221;{}&#8221;][et_pb_column type=&#8221;4_4&#8243; _builder_version=&#8221;4.16&#8243; custom_padding=&#8221;|||&#8221; global_colors_info=&#8221;{}&#8221; custom_padding__hover=&#8221;|||&#8221;][et_pb_text _builder_version=&#8221;4.27.4&#8243; text_font=&#8221;||||||||&#8221; text_font_size=&#8221;16px&#8221; text_line_height=&#8221;2em&#8221; header_font=&#8221;||||||||&#8221; header_2_font=&#8221;||||||||&#8221; header_4_font=&#8221;Gentium Basic|700|||||||&#8221; header_4_font_size=&#8221;40px&#8221; header_4_line_height=&#8221;1.2em&#8221; text_orientation=&#8221;center&#8221; max_width=&#8221;600px&#8221; module_alignment=&#8221;center&#8221; text_font_size_tablet=&#8221;&#8221; text_font_size_phone=&#8221;15px&#8221; text_font_size_last_edited=&#8221;on|desktop&#8221; header_4_font_size_tablet=&#8221;30px&#8221; header_4_font_size_phone=&#8221;22px&#8221; header_4_font_size_last_edited=&#8221;on|phone&#8221; locked=&#8221;off&#8221; global_colors_info=&#8221;{}&#8221;]<\/p>\n<h4>Ofte stillede sp\u00f8rgsm\u00e5l<\/h4>\n<p>[\/et_pb_text][\/et_pb_column][\/et_pb_row][et_pb_row _builder_version=&#8221;4.16&#8243; max_width=&#8221;800px&#8221; global_colors_info=&#8221;{}&#8221;][et_pb_column type=&#8221;4_4&#8243; _builder_version=&#8221;4.16&#8243; custom_padding=&#8221;|||&#8221; global_colors_info=&#8221;{}&#8221; custom_padding__hover=&#8221;|||&#8221;][et_pb_toggle title=&#8221;Hvad er prisen for kiropraktisk behandling?&#8221; open=&#8221;on&#8221; open_toggle_text_color=&#8221;#ffffff&#8221; open_toggle_background_color=&#8221;#9fce5a&#8221; icon_color=&#8221;rgba(0,0,0,0.18)&#8221; open_icon_color=&#8221;rgba(0,0,0,0.18)&#8221; _builder_version=&#8221;4.27.6&#8243; title_text_color=&#8221;#333333&#8243; title_font=&#8221;|700|||||||&#8221; title_font_size=&#8221;16px&#8221; title_line_height=&#8221;1.4em&#8221; body_font=&#8221;||||||||&#8221; body_text_color=&#8221;#ffffff&#8221; body_line_height=&#8221;2em&#8221; custom_padding=&#8221;40px|40px|40px|40px|true|true&#8221; hover_enabled=&#8221;0&#8243; border_width_all=&#8221;0px&#8221; global_colors_info=&#8221;{}&#8221; sticky_enabled=&#8221;0&#8243;]<\/p>\n<p>Den f\u00f8rste aftale koster 75,00\u20ac for diagnose og f\u00f8rste behandling. Derefter er det 50,00 \u20ac pr. behandling  <\/p>\n<p>[\/et_pb_toggle][et_pb_toggle title=&#8221;Hvor lang tid tager en behandling?&#8221; open=&#8221;on&#8221; open_toggle_text_color=&#8221;#ffffff&#8221; open_toggle_background_color=&#8221;#9fce5a&#8221; icon_color=&#8221;rgba(0,0,0,0.18)&#8221; open_icon_color=&#8221;rgba(0,0,0,0.18)&#8221; _builder_version=&#8221;4.27.4&#8243; title_text_color=&#8221;#333333&#8243; title_font=&#8221;|700|||||||&#8221; title_font_size=&#8221;16px&#8221; title_line_height=&#8221;1.4em&#8221; body_font=&#8221;||||||||&#8221; body_text_color=&#8221;#ffffff&#8221; body_line_height=&#8221;2em&#8221; custom_padding=&#8221;40px|40px|40px|40px|true|true&#8221; border_width_all=&#8221;0px&#8221; global_colors_info=&#8221;{}&#8221;]<\/p>\n<p>Det er meget sv\u00e6rt at svare p\u00e5, fordi det afh\u00e6nger af diagnosen. Den f\u00f8rste konsultation tager normalt cirka en halv time og derefter mere eller mindre 15 minutter. <\/p>\n<p>[\/et_pb_toggle][\/et_pb_column][\/et_pb_row][et_pb_row column_structure=&#8221;2_3,1_3&#8243; _builder_version=&#8221;4.16&#8243; max_width=&#8221;800px&#8221; global_colors_info=&#8221;{}&#8221;][et_pb_column type=&#8221;2_3&#8243; _builder_version=&#8221;4.16&#8243; custom_padding=&#8221;|||&#8221; global_colors_info=&#8221;{}&#8221; custom_padding__hover=&#8221;|||&#8221;][et_pb_text _builder_version=&#8221;4.27.4&#8243; text_line_height=&#8221;2em&#8221; header_font=&#8221;|700|||||||&#8221; header_font_size=&#8221;16px&#8221; header_line_height=&#8221;1.2em&#8221; header_3_font=&#8221;|700|||||||&#8221; header_3_font_size=&#8221;16px&#8221; header_3_line_height=&#8221;1.4em&#8221; locked=&#8221;off&#8221; global_colors_info=&#8221;{}&#8221;]<\/p>\n<p>T\u00f8v ikke med at kontakte os, hvis du har andre sp\u00f8rgsm\u00e5l. Vi er her for at hj\u00e6lpe. <\/p>\n<p>[\/et_pb_text][\/et_pb_column][et_pb_column type=&#8221;1_3&#8243; _builder_version=&#8221;4.16&#8243; custom_padding=&#8221;|||&#8221; global_colors_info=&#8221;{}&#8221; custom_padding__hover=&#8221;|||&#8221;][et_pb_button button_url=&#8221;@ET-DC@eyJkeW5hbWljIjp0cnVlLCJjb250ZW50IjoicG9zdF9saW5rX3VybF9wYWdlIiwic2V0dGluZ3MiOnsicG9zdF9pZCI6IjM1NCJ9fQ==@&#8221; button_text=&#8221;Stil et sp\u00f8rgsm\u00e5l&#8221; button_alignment=&#8221;right&#8221; _builder_version=&#8221;4.27.4&#8243; _dynamic_attributes=&#8221;button_url&#8221; background_layout=&#8221;dark&#8221; custom_margin=&#8221;|||||false&#8221; custom_margin_tablet=&#8221;|0px||&#8221; custom_margin_last_edited=&#8221;off|desktop&#8221; custom_padding=&#8221;14px|20px|14px|20px|true&#8221; button_bg_color_last_edited=&#8221;off|tablet&#8221; locked=&#8221;off&#8221; global_colors_info=&#8221;{}&#8221; button_bg_color__hover_enabled=&#8221;on&#8221; button_bg_color__hover=&#8221;#000000&#8243; button_bg_enable_color__hover=&#8221;on&#8221; custom_padding__hover_enabled=&#8221;on&#8221; custom_padding__hover=&#8221;|30px||&#8221;][\/et_pb_button][\/et_pb_column][\/et_pb_row][\/et_pb_section]<\/p>\n","protected":false},"excerpt":{"rendered":"<p>Kontakt os \u00c5bningstider Man: 15.00 &#8211; 19.00 Tir: 10.00 &#8211; 14.00 Onsdag: Lukket Tor : 15.00 &#8211; 19.00 Fre: 10.00 &#8211; 14.00 Send os en besked, s\u00e5 svarer vi inden for \u00e5bningstiden, eller send os en WhatsApp.<div class=\"et_pb_module wpforms_selector wpforms_selector_0\">\n\t\t\t\t\n\t\t\t\t\n\t\t\t\t\n\t\t\t\t\n\t\t\t\t\n\t\t\t\t\n\t\t\t\t<div class=\"et_pb_module_inner\">\n\t\t\t\t\t<style id=\"wpforms-css-vars-625\">\n\t\t\t\t#wpforms-625 {\n\t\t\t\t--wpforms-container-padding: 0px;\n--wpforms-container-border-width: 1px;\n--wpforms-container-border-radius: 3px;\n--wpforms-background-color: rgba(0, 0, 0, 0);\n--wpforms-field-size-input-height: 43px;\n--wpforms-field-size-input-spacing: 15px;\n--wpforms-field-size-font-size: 16px;\n--wpforms-field-size-line-height: 19px;\n--wpforms-field-size-padding-h: 14px;\n--wpforms-field-size-checkbox-size: 16px;\n--wpforms-field-size-sublabel-spacing: 5px;\n--wpforms-field-size-icon-size: 1;\n--wpforms-label-size-font-size: 16px;\n--wpforms-label-size-line-height: 19px;\n--wpforms-label-size-sublabel-font-size: 14px;\n--wpforms-label-size-sublabel-line-height: 17px;\n--wpforms-button-size-font-size: 17px;\n--wpforms-button-size-height: 41px;\n--wpforms-button-size-padding-h: 15px;\n--wpforms-button-size-margin-top: 10px;\n--wpforms-container-shadow-size-box-shadow: none;\n\t\t\t}\n\t\t\t<\/style><div class=\"wpforms-container wpforms-container-full wpforms-render-modern\" id=\"wpforms-625\"><form id=\"wpforms-form-625\" class=\"wpforms-validate wpforms-form wpforms-ajax-form\" data-formid=\"625\" method=\"post\" enctype=\"multipart\/form-data\" action=\"\/da\/wp-json\/wp\/v2\/pages\/706\" data-token=\"294c3a2cf4b792a987aeeb36dfc05f23\" data-token-time=\"1778161390\"><noscript class=\"wpforms-error-noscript\">Please enable JavaScript in your browser to complete this form.<\/noscript><div id=\"wpforms-error-noscript\" style=\"display: none;\">Please enable JavaScript in your browser to complete this form.<\/div><div class=\"wpforms-field-container\"><div id=\"wpforms-625-field_1-container\" class=\"wpforms-field wpforms-field-name\" data-field-id=\"1\"><label class=\"wpforms-field-label\" for=\"wpforms-625-field_1\">Name <span class=\"wpforms-required-label\" aria-hidden=\"true\">*<\/span><\/label><input type=\"text\" id=\"wpforms-625-field_1\" class=\"wpforms-field-medium wpforms-field-required\" name=\"wpforms[fields][1]\" aria-errormessage=\"wpforms-625-field_1-error\" required><\/div>\t\t<div id=\"wpforms-625-field_5-container\"\n\t\t\tclass=\"wpforms-field wpforms-field-text\"\n\t\t\tdata-field-type=\"text\"\n\t\t\tdata-field-id=\"5\"\n\t\t\t>\n\t\t\t<label class=\"wpforms-field-label\" for=\"wpforms-625-field_5\" >Email number Phone<\/label>\n\t\t\t<input type=\"text\" id=\"wpforms-625-field_5\" class=\"wpforms-field-medium\" name=\"wpforms[fields][5]\" >\n\t\t<\/div>\n\t\t<div id=\"wpforms-625-field_2-container\" class=\"wpforms-field wpforms-field-email\" data-field-id=\"2\"><label class=\"wpforms-field-label\" for=\"wpforms-625-field_2\">Email <span class=\"wpforms-required-label\" aria-hidden=\"true\">*<\/span><\/label><input type=\"email\" id=\"wpforms-625-field_2\" class=\"wpforms-field-medium wpforms-field-required\" name=\"wpforms[fields][2]\" spellcheck=\"false\" aria-errormessage=\"wpforms-625-field_2-error\" required><\/div><div id=\"wpforms-625-field_4-container\" class=\"wpforms-field wpforms-field-number\" data-field-id=\"4\"><label class=\"wpforms-field-label\" for=\"wpforms-625-field_4\">Phone number <span class=\"wpforms-required-label\" aria-hidden=\"true\">*<\/span><\/label><input type=\"number\" id=\"wpforms-625-field_4\" class=\"wpforms-field-medium wpforms-field-required\" name=\"wpforms[fields][4]\" min=\"9\" step=\"any\" aria-errormessage=\"wpforms-625-field_4-error\" required><\/div><div id=\"wpforms-625-field_3-container\" class=\"wpforms-field wpforms-field-textarea\" data-field-id=\"3\"><label class=\"wpforms-field-label\" for=\"wpforms-625-field_3\">Message<\/label><textarea id=\"wpforms-625-field_3\" class=\"wpforms-field-medium\" name=\"wpforms[fields][3]\" aria-errormessage=\"wpforms-625-field_3-error\" ><\/textarea><\/div><script>\n\t\t\t\t( function() {\n\t\t\t\t\tconst style = document.createElement( 'style' );\n\t\t\t\t\tstyle.appendChild( document.createTextNode( '#wpforms-625-field_5-container { position: absolute !important; overflow: hidden !important; display: inline !important; height: 1px !important; width: 1px !important; z-index: -1000 !important; padding: 0 !important; } #wpforms-625-field_5-container input { visibility: hidden; } #wpforms-conversational-form-page #wpforms-625-field_5-container label { counter-increment: none; }' ) );\n\t\t\t\t\tdocument.head.appendChild( style );\n\t\t\t\t\tdocument.currentScript?.remove();\n\t\t\t\t} )();\n\t\t\t<\/script><\/div><!-- .wpforms-field-container --><div class=\"wpforms-recaptcha-container wpforms-is-recaptcha wpforms-is-recaptcha-type-v3\" ><input type=\"hidden\" name=\"wpforms[recaptcha]\" value=\"\"><\/div><div class=\"wpforms-submit-container\" ><input type=\"hidden\" name=\"wpforms[id]\" value=\"625\"><input type=\"hidden\" name=\"page_title\" value=\"\"><input type=\"hidden\" name=\"page_url\" value=\"https:\/\/chiropracticnerja.com\/da\/wp-json\/wp\/v2\/pages\/706\"><input type=\"hidden\" name=\"url_referer\" value=\"\"><button type=\"submit\" name=\"wpforms[submit]\" id=\"wpforms-submit-625\" class=\"wpforms-submit\" data-alt-text=\"Sending...\" data-submit-text=\"Submit\" aria-live=\"assertive\" value=\"wpforms-submit\">Submit<\/button><img loading=\"lazy\" decoding=\"async\" src=\"https:\/\/chiropracticnerja.com\/wp-content\/plugins\/wpforms-lite\/assets\/images\/submit-spin.svg\" class=\"wpforms-submit-spinner\" style=\"display: none;\" width=\"26\" height=\"26\" alt=\"Loading\"><\/div><\/form><\/div>  <!-- .wpforms-container -->\n\t\t\t\t<\/div>\n\t\t\t<\/div>+34 619421121 +34952525390 For fysioterapi ring +34669829934Calle M\u00e9rida 229780 NerjaOfte stillede sp\u00f8rgsm\u00e5lDen f\u00f8rste aftale koster [&hellip;]<\/p>\n","protected":false},"author":1,"featured_media":0,"parent":0,"menu_order":0,"comment_status":"closed","ping_status":"closed","template":"","meta":{"_et_pb_use_builder":"on","_et_pb_old_content":"","_et_gb_content_width":"","footnotes":""},"class_list":["post-706","page","type-page","status-publish","hentry"],"_links":{"self":[{"href":"https:\/\/chiropracticnerja.com\/da\/wp-json\/wp\/v2\/pages\/706","targetHints":{"allow":["GET"]}}],"collection":[{"href":"https:\/\/chiropracticnerja.com\/da\/wp-json\/wp\/v2\/pages"}],"about":[{"href":"https:\/\/chiropracticnerja.com\/da\/wp-json\/wp\/v2\/types\/page"}],"author":[{"embeddable":true,"href":"https:\/\/chiropracticnerja.com\/da\/wp-json\/wp\/v2\/users\/1"}],"replies":[{"embeddable":true,"href":"https:\/\/chiropracticnerja.com\/da\/wp-json\/wp\/v2\/comments?post=706"}],"version-history":[{"count":16,"href":"https:\/\/chiropracticnerja.com\/da\/wp-json\/wp\/v2\/pages\/706\/revisions"}],"predecessor-version":[{"id":1082,"href":"https:\/\/chiropracticnerja.com\/da\/wp-json\/wp\/v2\/pages\/706\/revisions\/1082"}],"wp:attachment":[{"href":"https:\/\/chiropracticnerja.com\/da\/wp-json\/wp\/v2\/media?parent=706"}],"curies":[{"name":"wp","href":"https:\/\/api.w.org\/{rel}","templated":true}]}}