{"id":683,"date":"2025-05-30T07:07:17","date_gmt":"2025-05-30T07:07:17","guid":{"rendered":"https:\/\/chiropracticnerja.com\/acerca-de-nosotros\/"},"modified":"2025-06-04T07:38:39","modified_gmt":"2025-06-04T07:38:39","slug":"acerca-de-nosotros","status":"publish","type":"page","link":"https:\/\/chiropracticnerja.com\/es\/acerca-de-nosotros\/","title":{"rendered":"Sobre nosotros"},"content":{"rendered":"<p>[et_pb_section fb_built=\u00bb1&#8243; admin_label=\u00bbHeader\u00bb _builder_version=\u00bb4.16&#8243; custom_margin=\u00bb||\u00bb custom_padding=\u00bb6vw|||||\u00bb global_colors_info=\u00bb{}\u00bb][et_pb_row column_structure=\u00bb3_5,2_5&#8243; _builder_version=\u00bb4.27.4&#8243; custom_padding=\u00bb0px|||||\u00bb global_colors_info=\u00bb{}\u00bb][et_pb_column type=\u00bb3_5&#8243; _builder_version=\u00bb4.16&#8243; custom_padding=\u00bb|||\u00bb global_colors_info=\u00bb{}\u00bb custom_padding__hover=\u00bb|||\u00bb][et_pb_text _builder_version=\u00bb4.27.4&#8243; text_font=\u00bb||||||||\u00bb header_font=\u00bbGentium Basic|700|||||||\u00bb header_font_size=\u00bb70px\u00bb header_line_height=\u00bb1.2em\u00bb text_orientation=\u00bbcenter\u00bb header_font_size_tablet=\u00bb40px\u00bb header_font_size_phone=\u00bb25px\u00bb header_font_size_last_edited=\u00bbon|phone\u00bb locked=\u00bboff\u00bb global_colors_info=\u00bb{}\u00bb]<\/p>\n<h1>Sobre nosotros.<\/h1>\n<p class=\"elementor-icon-box-title\" style=\"text-align: left;\"><span>Durante m\u00e1s de 30 a\u00f1os, nuestro equipo ha estado apasionado y dedicado a ayudar a personas de todas las edades que padecen dolor articular y muscular.<\/span><\/p>\n<p class=\"elementor-icon-box-title\" style=\"text-align: left;\"><span>Con muchos a\u00f1os de experiencia ayudando a pacientes con una amplia gama de s\u00edntomas, nos enorgullecemos de ofrecer un servicio de tratamiento amigable, cuidadoso y efectivo para ayudarle a vivir una vida m\u00e1s c\u00f3moda y activa.<\/span><\/p>\n<p class=\"elementor-icon-box-title\" style=\"text-align: left;\"><span>Knud, el propietario de Chiropractic Clinic Nerja, cuenta con m\u00e1s de 30 a\u00f1os de experiencia. Se form\u00f3 en el Palmer College of Chiropractic, Iowa, EE. UU. Knud ha trabajado en Dinamarca, Inglaterra y, durante los \u00faltimos 30 a\u00f1os, aqu\u00ed en Espa\u00f1a. Idiomas hablados: escandinavo (dan\u00e9s, sueco y noruego), ingl\u00e9s, espa\u00f1ol y alem\u00e1n.   <\/span><\/p>\n<p>[\/et_pb_text][et_pb_blurb title=\u00bbConfiado por m\u00e1s de 6000 pacientes satisfechos\u00bb use_icon=\u00bbon\u00bb font_icon=\u00bb&#xe052;||divi||400&#8243; icon_color=\u00bb#9fce5a\u00bb image_icon_width=\u00bb30px\u00bb _builder_version=\u00bb4.27.4&#8243; header_font=\u00bb|700|||||||\u00bb header_font_size=\u00bb16px\u00bb text_orientation=\u00bbcenter\u00bb animation=\u00bboff\u00bb icon_font_size=\u00bb30px\u00bb locked=\u00bboff\u00bb global_colors_info=\u00bb{}\u00bb][\/et_pb_blurb][\/et_pb_column][et_pb_column type=\u00bb2_5&#8243; _builder_version=\u00bb4.16&#8243; custom_padding=\u00bb|||\u00bb global_colors_info=\u00bb{}\u00bb custom_padding__hover=\u00bb|||\u00bb][et_pb_image src=\u00bbhttps:\/\/chiropracticnerja.com\/wp-content\/uploads\/2025\/06\/chiropractor-at-work.jpg\u00bb alt=\u00bbCl\u00ednica quiropr\u00e1ctica Nerja\u00bb title_text=\u00bbQuiropr\u00e1ctico en el trabajo\u00bb _builder_version=\u00bb4.27.4&#8243; max_width_tablet=\u00bb400px\u00bb max_width_phone=\u00bb300px\u00bb max_width_last_edited=\u00bbon|desktop\u00bb custom_margin=\u00bb|-6vw||\u00bb custom_margin_tablet=\u00bb6vw|||0px\u00bb custom_margin_phone=\u00bb\u00bb custom_margin_last_edited=\u00bbon|tablet\u00bb box_shadow_style=\u00bbpreset4&#8243; box_shadow_horizontal=\u00bb6vw\u00bb box_shadow_vertical=\u00bb-6vw\u00bb box_shadow_color=\u00bb#25b1e8&#8243; locked=\u00bboff\u00bb global_colors_info=\u00bb{}\u00bb][\/et_pb_image][\/et_pb_column][\/et_pb_row][\/et_pb_section][et_pb_section fb_built=\u00bb1&#8243; _builder_version=\u00bb4.27.4&#8243; background_color=\u00bb#f7f7f7&#8243; background_enable_image=\u00bboff\u00bb width=\u00bb95%\u00bb custom_margin=\u00bb8vw||\u00bb global_colors_info=\u00bb{}\u00bb][et_pb_row column_structure=\u00bb1_2,1_2&#8243; _builder_version=\u00bb4.16&#8243; global_colors_info=\u00bb{}\u00bb][et_pb_column type=\u00bb1_2&#8243; _builder_version=\u00bb4.16&#8243; custom_padding=\u00bb|||\u00bb global_colors_info=\u00bb{}\u00bb custom_padding__hover=\u00bb|||\u00bb][et_pb_image src=\u00bbhttps:\/\/chiropracticnerja.com\/wp-content\/uploads\/2025\/06\/2.jpg\u00bb title_text=\u00bb2&#8243; _builder_version=\u00bb4.27.4&#8243; max_width_tablet=\u00bb400px\u00bb max_width_phone=\u00bb\u00bb max_width_last_edited=\u00bbon|tablet\u00bb module_alignment=\u00bbleft\u00bb custom_margin=\u00bb-10vw|||||\u00bb custom_margin_tablet=\u00bb0px|||\u00bb custom_margin_last_edited=\u00bboff|phone\u00bb locked=\u00bboff\u00bb global_colors_info=\u00bb{}\u00bb][\/et_pb_image][\/et_pb_column][et_pb_column type=\u00bb1_2&#8243; _builder_version=\u00bb4.16&#8243; custom_padding=\u00bb|||\u00bb global_colors_info=\u00bb{}\u00bb custom_padding__hover=\u00bb|||\u00bb][et_pb_text _builder_version=\u00bb4.27.4&#8243; text_font=\u00bb||||||||\u00bb text_line_height=\u00bb2em\u00bb header_font=\u00bb||||||||\u00bb header_2_font=\u00bbGentium Basic|700|||||||\u00bb header_2_font_size=\u00bb50px\u00bb header_2_line_height=\u00bb1.2em\u00bb header_4_font=\u00bbGentium Basic|700|||||||\u00bb header_4_font_size=\u00bb40px\u00bb header_4_line_height=\u00bb1.2em\u00bb text_font_size_tablet=\u00bb\u00bb text_font_size_phone=\u00bb15px\u00bb text_font_size_last_edited=\u00bbon|phone\u00bb header_2_font_size_tablet=\u00bb40px\u00bb header_2_font_size_phone=\u00bb25px\u00bb header_2_font_size_last_edited=\u00bbon|phone\u00bb header_4_font_size_tablet=\u00bb30px\u00bb header_4_font_size_phone=\u00bb22px\u00bb header_4_font_size_last_edited=\u00bbon|phone\u00bb locked=\u00bboff\u00bb global_colors_info=\u00bb{}\u00bb]<\/p>\n<h2>Nuestro objetivo<\/h2>\n<p><span>Nuestro objetivo es descubrir cu\u00e1les son sus deseos y necesidades con respecto a la columna vertebral, y ayudarle a alcanzarlos. Ya sea una lesi\u00f3n reciente o algo que le ha estado molestando durante a\u00f1os, estamos aqu\u00ed para ayudarle. Le educaremos y atenderemos a trav\u00e9s de cuidados quiropr\u00e1cticos modernos y efectivos para que pueda lograr y mantener un alto nivel de salud espinal.  <\/span><\/p>\n<p>[\/et_pb_text][et_pb_button button_url=\u00bb@ET-DC@eyJkeW5hbWljIjp0cnVlLCJjb250ZW50IjoicG9zdF9saW5rX3VybF9wYWdlIiwic2V0dGluZ3MiOnsicG9zdF9pZCI6IjM1NCIsImVuYWJsZV9odG1sIjoib2ZmIn19@\u00bb button_text=\u00bbSolicite una cita\u00bb _builder_version=\u00bb4.27.4&#8243; _dynamic_attributes=\u00bbbutton_url\u00bb _module_preset=\u00bbdefault\u00bb custom_button=\u00bbon\u00bb button_text_size=\u00bb17px\u00bb global_colors_info=\u00bb{}\u00bb][\/et_pb_button][\/et_pb_column][\/et_pb_row][\/et_pb_section][et_pb_section fb_built=\u00bb1&#8243; admin_label=\u00bbTeam\u00bb _builder_version=\u00bb4.27.4&#8243; background_color=\u00bb#f7f7f7&#8243; background_enable_image=\u00bboff\u00bb width=\u00bb95%\u00bb custom_padding=\u00bb||100px|||\u00bb locked=\u00bboff\u00bb global_colors_info=\u00bb{}\u00bb][et_pb_row admin_label=\u00bbFila de t\u00edtulo\u00bb _builder_version=\u00bb4.16&#8243; global_colors_info=\u00bb{}\u00bb][et_pb_column type=\u00bb4_4&#8243; _builder_version=\u00bb4.16&#8243; custom_padding=\u00bb|||\u00bb global_colors_info=\u00bb{}\u00bb custom_padding__hover=\u00bb|||\u00bb][et_pb_text _builder_version=\u00bb4.27.4&#8243; text_font=\u00bb||||||||\u00bb text_line_height=\u00bb2em\u00bb header_2_font=\u00bbGentium Basic|700|||||||\u00bb header_2_font_size=\u00bb50px\u00bb header_2_line_height=\u00bb1.2em\u00bb text_orientation=\u00bbcenter\u00bb max_width=\u00bb600px\u00bb module_alignment=\u00bbcenter\u00bb text_font_size_tablet=\u00bb\u00bb text_font_size_phone=\u00bb15px\u00bb text_font_size_last_edited=\u00bbon|desktop\u00bb header_2_font_size_tablet=\u00bb40px\u00bb header_2_font_size_phone=\u00bb25px\u00bb header_2_font_size_last_edited=\u00bbon|phone\u00bb locked=\u00bboff\u00bb global_colors_info=\u00bb{}\u00bb]<\/p>\n<h2>Nuestro equipo profesional<\/h2>\n<p>[\/et_pb_text][\/et_pb_column][\/et_pb_row][et_pb_row column_structure=\u00bb1_3,1_3,1_3&#8243; use_custom_gutter=\u00bbon\u00bb gutter_width=\u00bb2&#8243; admin_label=\u00bbFila de profesores\u00bb _builder_version=\u00bb4.27.4&#8243; global_colors_info=\u00bb{}\u00bb][et_pb_column type=\u00bb1_3&#8243; _builder_version=\u00bb4.16&#8243; custom_padding=\u00bb|||\u00bb global_colors_info=\u00bb{}\u00bb custom_padding__hover=\u00bb|||\u00bb][et_pb_team_member name=\u00bbKnud Byrjalsan\u00bb position=\u00bbQuiropr\u00e1ctico\u00bb image_url=\u00bbhttps:\/\/chiropracticnerja.com\/wp-content\/uploads\/2025\/06\/Knud-at-work-1.jpg\u00bb _builder_version=\u00bb4.27.4&#8243; header_font=\u00bb|600|||||||\u00bb header_text_align=\u00bbcenter\u00bb header_font_size=\u00bb18px\u00bb header_line_height=\u00bb1.6em\u00bb body_line_height=\u00bb1.2em\u00bb position_text_align=\u00bbcenter\u00bb global_colors_info=\u00bb{}\u00bb][\/et_pb_team_member][\/et_pb_column][et_pb_column type=\u00bb1_3&#8243; _builder_version=\u00bb4.16&#8243; custom_padding=\u00bb|||\u00bb global_colors_info=\u00bb{}\u00bb custom_padding__hover=\u00bb|||\u00bb][et_pb_team_member name=\u00bbMar\u00eda Jos\u00e9 Escobar\u00bb position=\u00bbFisioterapeuta\u00bb image_url=\u00bbhttps:\/\/chiropracticnerja.com\/wp-content\/uploads\/2025\/06\/Maria-at-work-1.jpg\u00bb _builder_version=\u00bb4.27.4&#8243; header_font=\u00bb|600|||||||\u00bb header_text_align=\u00bbcenter\u00bb header_font_size=\u00bb18px\u00bb header_line_height=\u00bb1.6em\u00bb body_line_height=\u00bb1.2em\u00bb position_text_align=\u00bbcenter\u00bb global_colors_info=\u00bb{}\u00bb][\/et_pb_team_member][\/et_pb_column][et_pb_column type=\u00bb1_3&#8243; _builder_version=\u00bb4.27.4&#8243; custom_padding=\u00bb|||\u00bb global_colors_info=\u00bb{}\u00bb custom_padding__hover=\u00bb|||\u00bb][et_pb_team_member name=\u00bbVictoria Poppy Carrott \u00bb position=\u00bbRecepci\u00f3n y administraci\u00f3n\u00bb image_url=\u00bbhttps:\/\/chiropracticnerja.com\/wp-content\/uploads\/2025\/06\/Poppy-Carrott.jpg\u00bb _builder_version=\u00bb4.27.4&#8243; header_font=\u00bb|600|||||||\u00bb header_text_align=\u00bbcenter\u00bb header_font_size=\u00bb18px\u00bb header_line_height=\u00bb1.6em\u00bb body_line_height=\u00bb1.2em\u00bb position_text_align=\u00bbcenter\u00bb global_colors_info=\u00bb{}\u00bb][\/et_pb_team_member][\/et_pb_column][\/et_pb_row][\/et_pb_section][et_pb_section fb_built=\u00bb1&#8243; custom_padding_last_edited=\u00bbon|phone\u00bb admin_label=\u00bbTestimonials\u00bb _builder_version=\u00bb4.27.4&#8243; background_color=\u00bb#9fce5a\u00bb z_index=\u00bb1&#8243; max_width=\u00bb90%\u00bb max_width_tablet=\u00bb\u00bb max_width_phone=\u00bb95%\u00bb max_width_last_edited=\u00bbon|desktop\u00bb custom_padding=\u00bb|||10vw\u00bb custom_padding_tablet=\u00bb|||0vw\u00bb custom_padding_phone=\u00bb\u00bb global_colors_info=\u00bb{}\u00bb][et_pb_row column_structure=\u00bb2_5,3_5&#8243; _builder_version=\u00bb4.16&#8243; global_colors_info=\u00bb{}\u00bb][et_pb_column type=\u00bb2_5&#8243; _builder_version=\u00bb4.16&#8243; custom_padding=\u00bb|||\u00bb global_colors_info=\u00bb{}\u00bb custom_padding__hover=\u00bb|||\u00bb][et_pb_text _builder_version=\u00bb4.16&#8243; text_font=\u00bb||||||||\u00bb text_font_size=\u00bb16px\u00bb text_line_height=\u00bb2em\u00bb header_2_font=\u00bbGentium Basic|700|||||||\u00bb header_2_font_size=\u00bb50px\u00bb header_2_line_height=\u00bb1.2em\u00bb background_layout=\u00bbdark\u00bb header_2_font_size_tablet=\u00bb40px\u00bb header_2_font_size_phone=\u00bb25px\u00bb header_2_font_size_last_edited=\u00bbon|phone\u00bb locked=\u00bboff\u00bb global_colors_info=\u00bb{}\u00bb]<\/p>\n<h2>Lo que la gente dice sobre nosotros.<\/h2>\n<p>[\/et_pb_text][et_pb_button _builder_version=\u00bb4.27.4&#8243; _module_preset=\u00bbdefault\u00bb global_colors_info=\u00bb{}\u00bb][\/et_pb_button][\/et_pb_column][et_pb_column type=\u00bb3_5&#8243; _builder_version=\u00bb4.16&#8243; custom_padding=\u00bb|||\u00bb global_colors_info=\u00bb{}\u00bb custom_padding__hover=\u00bb|||\u00bb][et_pb_image src=\u00bbhttps:\/\/chiropracticnerja.com\/wp-content\/uploads\/2025\/05\/quote-light.png\u00bb _builder_version=\u00bb4.16&#8243; module_alignment=\u00bbcenter\u00bb custom_margin=\u00bb|||80px\u00bb custom_margin_tablet=\u00bb\u00bb custom_margin_phone=\u00bb|||40px\u00bb custom_margin_last_edited=\u00bbon|phone\u00bb global_colors_info=\u00bb{}\u00bb][\/et_pb_image][et_pb_slider _builder_version=\u00bb4.27.4&#8243; header_level=\u00bbh4&#8243; header_font=\u00bb|600|||||||\u00bb header_font_size=\u00bb18px\u00bb header_line_height=\u00bb1.5em\u00bb body_font=\u00bbWork Sans|600|||||||\u00bb body_line_height=\u00bb1.5em\u00bb text_orientation=\u00bbleft\u00bb custom_margin=\u00bb-60px||||false|false\u00bb custom_padding=\u00bb0px||\u00bb header_font_size_tablet=\u00bb\u00bb header_font_size_phone=\u00bb16px\u00bb header_font_size_last_edited=\u00bbon|phone\u00bb header_text_shadow_style=\u00bbpreset1&#8243; header_text_shadow_color=\u00bbrgba(0,0,0,0)\u00bb global_colors_info=\u00bb{}\u00bb max_width__hover=\u00bb100%\u00bb max_width__hover_enabled=\u00bb100%\u00bb][et_pb_slide heading=\u00bbEl mejor quiropr\u00e1ctico al que he ido. \u00a1Conocedor, gentil, realmente bueno en lo que hace! Detect\u00f3 muchas cosas que mi quiropr\u00e1ctico habitual pas\u00f3 por alto.   Migra\u00f1as desaparecidas en una sesi\u00f3n. \u00a1Definitivamente volver\u00e9! Adem\u00e1s, su consultorio es fabuloso \u00bb _builder_version=\u00bb4.27.4&#8243; header_font=\u00bb||||||||\u00bb background_color=\u00bbrgba(126,190,197,0)\u00bb global_colors_info=\u00bb{}\u00bb sticky_transition=\u00bbon\u00bb]<\/p>\n<p>&#8211; Gracie White<\/p>\n<p>[\/et_pb_slide][et_pb_slide heading=\u00bbQuiropr\u00e1ctico incre\u00edble. He ido a muchos alrededor del mundo, y este lugar es uno de mis favoritos y merece 5 estrellas. Knud es muy diligente, enfocado, apasionado por ayudarnos a todos a ser seres m\u00e1s saludables y sabe lo que est\u00e1 haciendo. Me encant\u00f3 c\u00f3mo me explica las cosas durante el tratamiento, lo cual genera confianza, as\u00ed como lo integral que es el tratamiento. Este lugar es una m\u00e1quina muy bien engrasada \u2013 les envi\u00e9 un WhatsApp y pude venir al d\u00eda siguiente, y pude tener un seguimiento poco despu\u00e9s    \u00bb _builder_version=\u00bb4.27.4&#8243; header_font=\u00bb||||||||\u00bb background_color=\u00bbrgba(126,190,197,0)\u00bb global_colors_info=\u00bb{}\u00bb sticky_transition=\u00bbon\u00bb]<\/p>\n<p>&#8211; Anne Lepelaars<\/p>\n<p>[\/et_pb_slide][et_pb_slide heading=\u00bb\u00a1La mejor cl\u00ednica y Quiropr\u00e1ctico\/Doctor que he conocido! He buscado mucha atenci\u00f3n durante varios a\u00f1os sin obtener ayuda. \u00a1Inmediatamente encontr\u00f3 mis problemas e hizo diagn\u00f3stico tras diagn\u00f3stico y me trat\u00f3 de inmediato! Tan incre\u00edblemente competente y una recepcionista incre\u00edblemente orientada al servicio. Limpio, \u00a1\u00a1\u00a1incre\u00edblemente fresco!!! Puedo recomendar altamente esta cl\u00ednica. Etc. Nilla      \u00bb _builder_version=\u00bb4.27.4&#8243; header_font=\u00bb||||||||\u00bb background_color=\u00bbrgba(126,190,197,0)\u00bb global_colors_info=\u00bb{}\u00bb sticky_transition=\u00bbon\u00bb]<\/p>\n<p>&#8211; Gunilla Mathiasson<\/p>\n<p>[\/et_pb_slide][et_pb_slide heading=\u00bbMuy profesional, ha resuelto el problema que ten\u00eda.\u00bb _builder_version=\u00bb4.27.4&#8243; header_font=\u00bb||||||||\u00bb background_color=\u00bbrgba(126,190,197,0)\u00bb global_colors_info=\u00bb{}\u00bb sticky_transition=\u00bbon\u00bb]<\/p>\n<p>&#8211; Cosma Tamas<\/p>\n<p>[\/et_pb_slide][\/et_pb_slider][et_pb_button button_url=\u00bbhttps:\/\/www.google.com\/maps\/place\/Clinica+Quiropractica+Nerja\/@36.7421205,-3.8870199,17z\/data=!3m1!5s0xd722515131db051:0xcb498784b0bfc2ab!4m8!3m7!1s0xd7225120fd6daa3:0x85da678a187e8332!8m2!3d36.7421162!4d-3.884445!9m1!1b1!16s%2Fg%2F1tf6yq36?entry=ttu&amp;g_ep=EgoyMDI1MDUyNi4wIKXMDSoJLDEwMjExNDUzSAFQAw%3D%3D\u00bb button_text=\u00bbLea m\u00e1s rese\u00f1as en Google\u00bb button_alignment=\u00bbcenter\u00bb _builder_version=\u00bb4.27.4&#8243; _module_preset=\u00bbdefault\u00bb custom_button=\u00bbon\u00bb button_text_size=\u00bb17px\u00bb custom_margin=\u00bb-50px||-50px||false|false\u00bb global_colors_info=\u00bb{}\u00bb][\/et_pb_button][\/et_pb_column][\/et_pb_row][\/et_pb_section][et_pb_section fb_built=\u00bb1&#8243; admin_label=\u00bbFooter\u00bb _builder_version=\u00bb4.27.4&#8243; background_color=\u00bbRGBA(255,255,255,0)\u00bb use_background_color_gradient=\u00bbon\u00bb background_color_gradient_direction=\u00bb220deg\u00bb background_color_gradient_stops=\u00bb#ffffff 27%|rgba(255,255,255,0) 84%\u00bb background_color_gradient_overlays_image=\u00bbon\u00bb background_color_gradient_start=\u00bb#ffffff\u00bb background_color_gradient_start_position=\u00bb27%\u00bb background_color_gradient_end=\u00bbrgba(255,255,255,0)\u00bb background_color_gradient_end_position=\u00bb84%\u00bb background_image=\u00bbhttps:\/\/chiropracticnerja.com\/wp-content\/uploads\/2025\/05\/chiropractor-09.jpg\u00bb background_position=\u00bbtop_center\u00bb custom_padding=\u00bb5vw|0px|20vw|0px|false|false\u00bb box_shadow_style=\u00bbpreset7&#8243; box_shadow_horizontal=\u00bb10vw\u00bb box_shadow_vertical=\u00bb15vw\u00bb box_shadow_color=\u00bb#cccccc\u00bb box_shadow_vertical_tablet=\u00bb30vw\u00bb box_shadow_vertical_phone=\u00bb60vw\u00bb box_shadow_vertical_last_edited=\u00bbon|desktop\u00bb saved_tabs=\u00bball\u00bb locked=\u00bboff\u00bb global_colors_info=\u00bb{}\u00bb][et_pb_row column_structure=\u00bb1_2,1_2&#8243; _builder_version=\u00bb4.16&#8243; locked=\u00bboff\u00bb global_colors_info=\u00bb{}\u00bb][et_pb_column type=\u00bb1_2&#8243; _builder_version=\u00bb4.16&#8243; custom_padding=\u00bb|||\u00bb global_colors_info=\u00bb{}\u00bb custom_padding__hover=\u00bb|||\u00bb][et_pb_text _builder_version=\u00bb4.27.4&#8243; text_font=\u00bb||||||||\u00bb text_font_size=\u00bb16px\u00bb text_line_height=\u00bb2em\u00bb header_2_font=\u00bbGentium Basic|700|||||||\u00bb header_2_font_size=\u00bb50px\u00bb header_2_line_height=\u00bb1.2em\u00bb background_layout=\u00bbdark\u00bb module_alignment=\u00bbcenter\u00bb header_2_font_size_tablet=\u00bb40px\u00bb header_2_font_size_phone=\u00bb25px\u00bb header_2_font_size_last_edited=\u00bbon|phone\u00bb locked=\u00bboff\u00bb global_colors_info=\u00bb{}\u00bb]<\/p>\n<h2>Cont\u00e1ctenos<\/h2>\n<p>[\/et_pb_text][\/et_pb_column][et_pb_column type=\u00bb1_2&#8243; _builder_version=\u00bb4.16&#8243; custom_padding=\u00bb|||\u00bb global_colors_info=\u00bb{}\u00bb custom_padding__hover=\u00bb|||\u00bb][et_pb_blurb title=\u00bbCont\u00e1ctenos\u00bb url=\u00bb@ET-DC@eyJkeW5hbWljIjp0cnVlLCJjb250ZW50IjoicG9zdF9saW5rX3VybF9wYWdlIiwic2V0dGluZ3MiOnsicG9zdF9pZCI6IjM1NCIsImVuYWJsZV9odG1sIjoib2ZmIn19@\u00bb url_new_window=\u00bbon\u00bb use_icon=\u00bbon\u00bb font_icon=\u00bb&#xe076;||divi||400&#8243; icon_color=\u00bb#ffffff\u00bb icon_placement=\u00bbleft\u00bb image_icon_width=\u00bb19px\u00bb content_max_width=\u00bb100%\u00bb _builder_version=\u00bb4.27.4&#8243; _dynamic_attributes=\u00bburl\u00bb header_font=\u00bb|700|||||||\u00bb body_font_size=\u00bb14px\u00bb background_color=\u00bb#25b1e8&#8243; background_layout=\u00bbdark\u00bb custom_margin=\u00bb||0px\u00bb custom_margin_tablet=\u00bb0px|||\u00bb custom_margin_last_edited=\u00bboff|tablet\u00bb custom_padding=\u00bb60px|40px|20px|40px|false|true\u00bb animation=\u00bboff\u00bb icon_font_size=\u00bb19px\u00bb locked=\u00bboff\u00bb global_colors_info=\u00bb{}\u00bb][\/et_pb_blurb][et_pb_blurb title=\u00bbLl\u00e1menos\u00bb use_icon=\u00bbon\u00bb font_icon=\u00bb&#xe090;||divi||400&#8243; icon_color=\u00bb#ffffff\u00bb icon_placement=\u00bbleft\u00bb image_icon_width=\u00bb19px\u00bb content_max_width=\u00bb100%\u00bb _builder_version=\u00bb4.27.4&#8243; header_font=\u00bb|700|||||||\u00bb body_font_size=\u00bb14px\u00bb background_color=\u00bb#25b1e8&#8243; background_layout=\u00bbdark\u00bb custom_margin=\u00bb||0px\u00bb custom_margin_tablet=\u00bb0px|||\u00bb custom_margin_last_edited=\u00bboff|tablet\u00bb custom_padding=\u00bb20px|40px|20px|40px|true|true\u00bb animation=\u00bboff\u00bb icon_font_size=\u00bb19px\u00bb locked=\u00bboff\u00bb global_colors_info=\u00bb{}\u00bb]<\/p>\n<p><a href=\"tel:%20+34619421121\">+34 619421121<\/a><\/p>\n<p><a href=\"tel:%20+34619421121\">+34952525390<\/a><\/p>\n<p>Para fisioterapia llame al <a href=\"tel:%20+34669829934\">+34669829934<\/a><\/p>\n<p>[\/et_pb_blurb][et_pb_blurb title=\u00bbCargo\u00bb use_icon=\u00bbon\u00bb font_icon=\u00bb&#xe081;||divi||400&#8243; icon_color=\u00bb#ffffff\u00bb icon_placement=\u00bbleft\u00bb image_icon_width=\u00bb19px\u00bb content_max_width=\u00bb100%\u00bb _builder_version=\u00bb4.27.4&#8243; header_font=\u00bb|700|||||||\u00bb body_font_size=\u00bb14px\u00bb background_color=\u00bb#25b1e8&#8243; background_layout=\u00bbdark\u00bb custom_margin=\u00bb||0px\u00bb custom_margin_tablet=\u00bb0px|||\u00bb custom_margin_last_edited=\u00bboff|tablet\u00bb custom_padding=\u00bb20px|40px|60px|40px|false|true\u00bb animation=\u00bboff\u00bb icon_font_size=\u00bb19px\u00bb locked=\u00bboff\u00bb global_colors_info=\u00bb{}\u00bb]<\/p>\n<p>Calle M\u00e9rida 2, Nerja, M\u00e1laga<\/p>\n<p>[\/et_pb_blurb][et_pb_button button_url=\u00bbhttps:\/\/wa.me\/34619421121&#8243; button_text=\u00bbEnv\u00ede un mensaje por WhatsApp\u00bb button_alignment=\u00bbleft\u00bb _builder_version=\u00bb4.27.4&#8243; custom_button=\u00bbon\u00bb button_text_size=\u00bb17px\u00bb background_layout=\u00bbdark\u00bb custom_margin_tablet=\u00bb|0px||\u00bb custom_margin_last_edited=\u00bboff|desktop\u00bb button_bg_color_last_edited=\u00bboff|tablet\u00bb locked=\u00bboff\u00bb global_colors_info=\u00bb{}\u00bb button_bg_color__hover_enabled=\u00bbon\u00bb button_bg_color__hover=\u00bb#000000&#8243; button_bg_enable_color__hover=\u00bbon\u00bb][\/et_pb_button][\/et_pb_column][\/et_pb_row][\/et_pb_section]<\/p>\n","protected":false},"excerpt":{"rendered":"<p>Sobre nosotros. Durante m\u00e1s de 30 a\u00f1os, nuestro equipo ha estado apasionado y dedicado a ayudar a personas de todas las edades que padecen dolor articular y muscular. Con muchos a\u00f1os de experiencia ayudando a pacientes con una amplia gama de s\u00edntomas, nos enorgullecemos de ofrecer un servicio de tratamiento amigable, cuidadoso y efectivo para [&hellip;]<\/p>\n","protected":false},"author":1,"featured_media":0,"parent":0,"menu_order":0,"comment_status":"closed","ping_status":"closed","template":"","meta":{"_et_pb_use_builder":"on","_et_pb_old_content":"","_et_gb_content_width":"","footnotes":""},"class_list":["post-683","page","type-page","status-publish","hentry"],"_links":{"self":[{"href":"https:\/\/chiropracticnerja.com\/es\/wp-json\/wp\/v2\/pages\/683","targetHints":{"allow":["GET"]}}],"collection":[{"href":"https:\/\/chiropracticnerja.com\/es\/wp-json\/wp\/v2\/pages"}],"about":[{"href":"https:\/\/chiropracticnerja.com\/es\/wp-json\/wp\/v2\/types\/page"}],"author":[{"embeddable":true,"href":"https:\/\/chiropracticnerja.com\/es\/wp-json\/wp\/v2\/users\/1"}],"replies":[{"embeddable":true,"href":"https:\/\/chiropracticnerja.com\/es\/wp-json\/wp\/v2\/comments?post=683"}],"version-history":[{"count":9,"href":"https:\/\/chiropracticnerja.com\/es\/wp-json\/wp\/v2\/pages\/683\/revisions"}],"predecessor-version":[{"id":901,"href":"https:\/\/chiropracticnerja.com\/es\/wp-json\/wp\/v2\/pages\/683\/revisions\/901"}],"wp:attachment":[{"href":"https:\/\/chiropracticnerja.com\/es\/wp-json\/wp\/v2\/media?parent=683"}],"curies":[{"name":"wp","href":"https:\/\/api.w.org\/{rel}","templated":true}]}}