{"id":703,"date":"2025-05-30T07:07:17","date_gmt":"2025-05-30T07:07:17","guid":{"rendered":"https:\/\/chiropracticnerja.com\/om-oss\/"},"modified":"2025-06-04T07:38:53","modified_gmt":"2025-06-04T07:38:53","slug":"om-oss","status":"publish","type":"page","link":"https:\/\/chiropracticnerja.com\/sv\/om-oss\/","title":{"rendered":"Om oss"},"content":{"rendered":"<p>[et_pb_section fb_built=&#8221;1&#8243; admin_label=&#8221;Header&#8221; _builder_version=&#8221;4.16&#8243; custom_margin=&#8221;||&#8221; custom_padding=&#8221;6vw|||||&#8221; global_colors_info=&#8221;{}&#8221;][et_pb_row column_structure=&#8221;3_5,2_5&#8243; _builder_version=&#8221;4.27.4&#8243; custom_padding=&#8221;0px|||||&#8221; global_colors_info=&#8221;{}&#8221;][et_pb_column type=&#8221;3_5&#8243; _builder_version=&#8221;4.16&#8243; custom_padding=&#8221;|||&#8221; global_colors_info=&#8221;{}&#8221; custom_padding__hover=&#8221;|||&#8221;][et_pb_text _builder_version=&#8221;4.27.4&#8243; text_font=&#8221;||||||||&#8221; header_font=&#8221;Gentium Basic|700|||||||&#8221; header_font_size=&#8221;70px&#8221; header_line_height=&#8221;1.2em&#8221; text_orientation=&#8221;center&#8221; header_font_size_tablet=&#8221;40px&#8221; header_font_size_phone=&#8221;25px&#8221; header_font_size_last_edited=&#8221;on|phone&#8221; locked=&#8221;off&#8221; global_colors_info=&#8221;{}&#8221;]<\/p>\n<h1>Om oss.<\/h1>\n<p class=\"elementor-icon-box-title\" style=\"text-align: left;\"><span>I \u00f6ver 30 \u00e5r har v\u00e5rt team varit passionerat och engagerat i att hj\u00e4lpa m\u00e4nniskor i alla \u00e5ldrar som lider av led- och muskelv\u00e4rk.<\/span><\/p>\n<p class=\"elementor-icon-box-title\" style=\"text-align: left;\"><span>Vi har m\u00e5nga \u00e5rs erfarenhet av att hj\u00e4lpa patienter med en rad olika symtom och \u00e4r stolta \u00f6ver att kunna erbjuda en v\u00e4nlig, omt\u00e4nksam och effektiv behandling som hj\u00e4lper dig att leva ett mer bekv\u00e4mt och aktivt liv.<\/span><\/p>\n<p class=\"elementor-icon-box-title\" style=\"text-align: left;\"><span>Knud, \u00e4gare till Chiropractic Clinic Nerja, har \u00f6ver 30 \u00e5rs erfarenhet. Han utbildade sig vid Palmer College of Chiropractic, Iowa, USA. Knud har arbetat i Danmark, England och de senaste 30 \u00e5ren h\u00e4r i Spanien. Talade spr\u00e5k: Skandinaviska (danska, svenska och norska), engelska, spanska och tyska.   <\/span><\/p>\n<p>[\/et_pb_text][et_pb_blurb title=&#8221;Betrodda av \u00f6ver 6000 n\u00f6jda patienter&#8221; use_icon=&#8221;on&#8221; font_icon=&#8221;&#xe052;||divi||400&#8243; icon_color=&#8221;#9fce5a&#8221; image_icon_width=&#8221;30px&#8221; _builder_version=&#8221;4.27.4&#8243; header_font=&#8221;|700|||||||&#8221; header_font_size=&#8221;16px&#8221; text_orientation=&#8221;center&#8221; animation=&#8221;off&#8221; icon_font_size=&#8221;30px&#8221; locked=&#8221;off&#8221; global_colors_info=&#8221;{}&#8221;][\/et_pb_blurb][\/et_pb_column][et_pb_column type=&#8221;2_5&#8243; _builder_version=&#8221;4.16&#8243; custom_padding=&#8221;|||&#8221; global_colors_info=&#8221;{}&#8221; custom_padding__hover=&#8221;|||&#8221;][et_pb_image src=&#8221;https:\/\/chiropracticnerja.com\/wp-content\/uploads\/2025\/06\/chiropractor-at-work.jpg&#8221; alt=&#8221;Kiropraktisk klinik Nerja&#8221; title_text=&#8221;kiropraktor p\u00e5 jobbet&#8221; _builder_version=&#8221;4.27.4&#8243; max_width_tablet=&#8221;400px&#8221; max_width_phone=&#8221;300px&#8221; max_width_last_edited=&#8221;on|desktop&#8221; custom_margin=&#8221;|-6vw||&#8221; custom_margin_tablet=&#8221;6vw|||0px&#8221; custom_margin_phone=&#8221;&#8221; custom_margin_last_edited=&#8221;on|tablet&#8221; box_shadow_style=&#8221;preset4&#8243; box_shadow_horizontal=&#8221;6vw&#8221; box_shadow_vertical=&#8221;-6vw&#8221; box_shadow_color=&#8221;#25b1e8&#8243; locked=&#8221;off&#8221; global_colors_info=&#8221;{}&#8221;][\/et_pb_image][\/et_pb_column][\/et_pb_row][\/et_pb_section][et_pb_section fb_built=&#8221;1&#8243; _builder_version=&#8221;4.27.4&#8243; background_color=&#8221;#f7f7f7&#8243; background_enable_image=&#8221;off&#8221; width=&#8221;95%&#8221; custom_margin=&#8221;8vw||&#8221; global_colors_info=&#8221;{}&#8221;][et_pb_row column_structure=&#8221;1_2,1_2&#8243; _builder_version=&#8221;4.16&#8243; global_colors_info=&#8221;{}&#8221;][et_pb_column type=&#8221;1_2&#8243; _builder_version=&#8221;4.16&#8243; custom_padding=&#8221;|||&#8221; global_colors_info=&#8221;{}&#8221; custom_padding__hover=&#8221;|||&#8221;][et_pb_image src=&#8221;https:\/\/chiropracticnerja.com\/wp-content\/uploads\/2025\/06\/2.jpg&#8221; title_text=&#8221;2&#8243; _builder_version=&#8221;4.27.4&#8243; max_width_tablet=&#8221;400px&#8221; max_width_phone=&#8221;&#8221; max_width_last_edited=&#8221;on|tablet&#8221; module_alignment=&#8221;left&#8221; custom_margin=&#8221;-10vw|||||&#8221; custom_margin_tablet=&#8221;0px|||&#8221; custom_margin_last_edited=&#8221;off|phone&#8221; locked=&#8221;off&#8221; global_colors_info=&#8221;{}&#8221;][\/et_pb_image][\/et_pb_column][et_pb_column type=&#8221;1_2&#8243; _builder_version=&#8221;4.16&#8243; custom_padding=&#8221;|||&#8221; global_colors_info=&#8221;{}&#8221; custom_padding__hover=&#8221;|||&#8221;][et_pb_text _builder_version=&#8221;4.27.4&#8243; text_font=&#8221;||||||||&#8221; text_line_height=&#8221;2em&#8221; header_font=&#8221;||||||||&#8221; header_2_font=&#8221;Gentium Basic|700|||||||&#8221; header_2_font_size=&#8221;50px&#8221; header_2_line_height=&#8221;1.2em&#8221; header_4_font=&#8221;Gentium Basic|700|||||||&#8221; header_4_font_size=&#8221;40px&#8221; header_4_line_height=&#8221;1.2em&#8221; text_font_size_tablet=&#8221;&#8221; text_font_size_phone=&#8221;15px&#8221; text_font_size_last_edited=&#8221;on|phone&#8221; header_2_font_size_tablet=&#8221;40px&#8221; header_2_font_size_phone=&#8221;25px&#8221; header_2_font_size_last_edited=&#8221;on|phone&#8221; header_4_font_size_tablet=&#8221;30px&#8221; header_4_font_size_phone=&#8221;22px&#8221; header_4_font_size_last_edited=&#8221;on|phone&#8221; locked=&#8221;off&#8221; global_colors_info=&#8221;{}&#8221;]<\/p>\n<h2>V\u00e5rt m\u00e5l<\/h2>\n<p><span>V\u00e5rt m\u00e5l \u00e4r att ta reda p\u00e5 vilka \u00f6nskem\u00e5l och behov du har n\u00e4r det g\u00e4ller ryggraden och hj\u00e4lpa dig att uppn\u00e5 dem. Oavsett om det \u00e4r en ny skada eller n\u00e5got som har st\u00f6rt dig i flera \u00e5r \u00e4r vi h\u00e4r f\u00f6r att hj\u00e4lpa dig. Vi kommer att utbilda och betj\u00e4na dig genom modern och effektiv kiropraktisk v\u00e5rd s\u00e5 att du kan uppn\u00e5 och uppr\u00e4tth\u00e5lla en h\u00f6g niv\u00e5 av ryggradsh\u00e4lsa.  <\/span><\/p>\n<p>[\/et_pb_text][et_pb_button button_url=&#8221;@ET-DC@eyJkeW5hbWljIjp0cnVlLCJjb250ZW50IjoicG9zdF9saW5rX3VybF9wYWdlIiwic2V0dGluZ3MiOnsicG9zdF9pZCI6IjM1NCIsImVuYWJsZV9odG1sIjoib2ZmIn19@&#8221; button_text=&#8221;Boka tid f\u00f6r bes\u00f6k&#8221; _builder_version=&#8221;4.27.4&#8243; _dynamic_attributes=&#8221;button_url&#8221; _module_preset=&#8221;default&#8221; custom_button=&#8221;on&#8221; button_text_size=&#8221;17px&#8221; global_colors_info=&#8221;{}&#8221;][\/et_pb_button][\/et_pb_column][\/et_pb_row][\/et_pb_section][et_pb_section fb_built=&#8221;1&#8243; admin_label=&#8221;Team&#8221; _builder_version=&#8221;4.27.4&#8243; background_color=&#8221;#f7f7f7&#8243; background_enable_image=&#8221;off&#8221; width=&#8221;95%&#8221; custom_padding=&#8221;||100px|||&#8221; locked=&#8221;off&#8221; global_colors_info=&#8221;{}&#8221;][et_pb_row admin_label=&#8221;Titelrad&#8221; _builder_version=&#8221;4.16&#8243; global_colors_info=&#8221;{}&#8221;][et_pb_column type=&#8221;4_4&#8243; _builder_version=&#8221;4.16&#8243; custom_padding=&#8221;|||&#8221; global_colors_info=&#8221;{}&#8221; custom_padding__hover=&#8221;|||&#8221;][et_pb_text _builder_version=&#8221;4.27.4&#8243; text_font=&#8221;||||||||&#8221; text_line_height=&#8221;2em&#8221; header_2_font=&#8221;Gentium Basic|700|||||||&#8221; header_2_font_size=&#8221;50px&#8221; header_2_line_height=&#8221;1.2em&#8221; text_orientation=&#8221;center&#8221; max_width=&#8221;600px&#8221; module_alignment=&#8221;center&#8221; text_font_size_tablet=&#8221;&#8221; text_font_size_phone=&#8221;15px&#8221; text_font_size_last_edited=&#8221;on|desktop&#8221; header_2_font_size_tablet=&#8221;40px&#8221; header_2_font_size_phone=&#8221;25px&#8221; header_2_font_size_last_edited=&#8221;on|phone&#8221; locked=&#8221;off&#8221; global_colors_info=&#8221;{}&#8221;]<\/p>\n<h2>V\u00e5rt professionella team<\/h2>\n<p>[\/et_pb_text][\/et_pb_column][\/et_pb_row][et_pb_row column_structure=&#8221;1_3,1_3,1_3&#8243; use_custom_gutter=&#8221;on&#8221; gutter_width=&#8221;2&#8243; admin_label=&#8221;L\u00e4rarnas rad&#8221; _builder_version=&#8221;4.27.4&#8243; global_colors_info=&#8221;{}&#8221;][et_pb_column type=&#8221;1_3&#8243; _builder_version=&#8221;4.16&#8243; custom_padding=&#8221;|||&#8221; global_colors_info=&#8221;{}&#8221; custom_padding__hover=&#8221;|||&#8221;][et_pb_team_member name=&#8221;Knud Byrjalsan&#8221; position=&#8221;Kiropraktor&#8221; image_url=&#8221;https:\/\/chiropracticnerja.com\/wp-content\/uploads\/2025\/06\/Knud-at-work-1.jpg&#8221; _builder_version=&#8221;4.27.4&#8243; header_font=&#8221;|600|||||||&#8221; header_text_align=&#8221;center&#8221; header_font_size=&#8221;18px&#8221; header_line_height=&#8221;1.6em&#8221; body_line_height=&#8221;1.2em&#8221; position_text_align=&#8221;center&#8221; global_colors_info=&#8221;{}&#8221;][\/et_pb_team_member][\/et_pb_column][et_pb_column type=&#8221;1_3&#8243; _builder_version=&#8221;4.16&#8243; custom_padding=&#8221;|||&#8221; global_colors_info=&#8221;{}&#8221; custom_padding__hover=&#8221;|||&#8221;][et_pb_team_member name=&#8221;Mar\u00eda Jos\u00e9 Escobar&#8221; position=&#8221;Sjukgymnast&#8221; image_url=&#8221;https:\/\/chiropracticnerja.com\/wp-content\/uploads\/2025\/06\/Maria-at-work-1.jpg&#8221; _builder_version=&#8221;4.27.4&#8243; header_font=&#8221;|600|||||||&#8221; header_text_align=&#8221;center&#8221; header_font_size=&#8221;18px&#8221; header_line_height=&#8221;1.6em&#8221; body_line_height=&#8221;1.2em&#8221; position_text_align=&#8221;center&#8221; global_colors_info=&#8221;{}&#8221;][\/et_pb_team_member][\/et_pb_column][et_pb_column type=&#8221;1_3&#8243; _builder_version=&#8221;4.27.4&#8243; custom_padding=&#8221;|||&#8221; global_colors_info=&#8221;{}&#8221; custom_padding__hover=&#8221;|||&#8221;][et_pb_team_member name=&#8221;Victoria Poppy Carrott  &#8221; position=&#8221;Reception och administration&#8221; image_url=&#8221;https:\/\/chiropracticnerja.com\/wp-content\/uploads\/2025\/06\/Poppy-Carrott.jpg&#8221; _builder_version=&#8221;4.27.4&#8243; header_font=&#8221;|600|||||||&#8221; header_text_align=&#8221;center&#8221; header_font_size=&#8221;18px&#8221; header_line_height=&#8221;1.6em&#8221; body_line_height=&#8221;1.2em&#8221; position_text_align=&#8221;center&#8221; global_colors_info=&#8221;{}&#8221;][\/et_pb_team_member][\/et_pb_column][\/et_pb_row][\/et_pb_section][et_pb_section fb_built=&#8221;1&#8243; custom_padding_last_edited=&#8221;on|phone&#8221; admin_label=&#8221;Testimonials&#8221; _builder_version=&#8221;4.27.4&#8243; background_color=&#8221;#9fce5a&#8221; z_index=&#8221;1&#8243; max_width=&#8221;90%&#8221; max_width_tablet=&#8221;&#8221; max_width_phone=&#8221;95%&#8221; max_width_last_edited=&#8221;on|desktop&#8221; custom_padding=&#8221;|||10vw&#8221; custom_padding_tablet=&#8221;|||0vw&#8221; custom_padding_phone=&#8221;&#8221; global_colors_info=&#8221;{}&#8221;][et_pb_row column_structure=&#8221;2_5,3_5&#8243; _builder_version=&#8221;4.16&#8243; global_colors_info=&#8221;{}&#8221;][et_pb_column type=&#8221;2_5&#8243; _builder_version=&#8221;4.16&#8243; custom_padding=&#8221;|||&#8221; global_colors_info=&#8221;{}&#8221; custom_padding__hover=&#8221;|||&#8221;][et_pb_text _builder_version=&#8221;4.16&#8243; text_font=&#8221;||||||||&#8221; text_font_size=&#8221;16px&#8221; text_line_height=&#8221;2em&#8221; header_2_font=&#8221;Gentium Basic|700|||||||&#8221; header_2_font_size=&#8221;50px&#8221; header_2_line_height=&#8221;1.2em&#8221; background_layout=&#8221;dark&#8221; header_2_font_size_tablet=&#8221;40px&#8221; header_2_font_size_phone=&#8221;25px&#8221; header_2_font_size_last_edited=&#8221;on|phone&#8221; locked=&#8221;off&#8221; global_colors_info=&#8221;{}&#8221;]<\/p>\n<h2>Vad folk s\u00e4ger om oss.<\/h2>\n<p>[\/et_pb_text][et_pb_button _builder_version=&#8221;4.27.4&#8243; _module_preset=&#8221;default&#8221; global_colors_info=&#8221;{}&#8221;][\/et_pb_button][\/et_pb_column][et_pb_column type=&#8221;3_5&#8243; _builder_version=&#8221;4.16&#8243; custom_padding=&#8221;|||&#8221; global_colors_info=&#8221;{}&#8221; custom_padding__hover=&#8221;|||&#8221;][et_pb_image src=&#8221;https:\/\/chiropracticnerja.com\/wp-content\/uploads\/2025\/05\/quote-light.png&#8221; _builder_version=&#8221;4.16&#8243; module_alignment=&#8221;center&#8221; custom_margin=&#8221;|||80px&#8221; custom_margin_tablet=&#8221;&#8221; custom_margin_phone=&#8221;|||40px&#8221; custom_margin_last_edited=&#8221;on|phone&#8221; global_colors_info=&#8221;{}&#8221;][\/et_pb_image][et_pb_slider _builder_version=&#8221;4.27.4&#8243; header_level=&#8221;h4&#8243; header_font=&#8221;|600|||||||&#8221; header_font_size=&#8221;18px&#8221; header_line_height=&#8221;1.5em&#8221; body_font=&#8221;Work Sans|600|||||||&#8221; body_line_height=&#8221;1.5em&#8221; text_orientation=&#8221;left&#8221; custom_margin=&#8221;-60px||||false|false&#8221; custom_padding=&#8221;0px||&#8221; header_font_size_tablet=&#8221;&#8221; header_font_size_phone=&#8221;16px&#8221; header_font_size_last_edited=&#8221;on|phone&#8221; header_text_shadow_style=&#8221;preset1&#8243; header_text_shadow_color=&#8221;rgba(0,0,0,0)&#8221; global_colors_info=&#8221;{}&#8221; max_width__hover=&#8221;100%&#8221; max_width__hover_enabled=&#8221;100%&#8221;][et_pb_slide heading=&#8221;B\u00e4sta kiropraktorn jag har varit hos. Kunnig, mild, riktigt bra p\u00e5 vad han g\u00f6r! Han plockade upp s\u00e5 m\u00e5nga saker som min typiska kiropraktor missade. Migr\u00e4n borta i en session. Jag kommer s\u00e4kert tillbaka! \u00c4ven hans kontor \u00e4r fantastiskt       &#8221; _builder_version=&#8221;4.27.4&#8243; header_font=&#8221;||||||||&#8221; background_color=&#8221;rgba(126,190,197,0)&#8221; global_colors_info=&#8221;{}&#8221; sticky_transition=&#8221;on&#8221;]<\/p>\n<p>&#8211; Gracie White<\/p>\n<p>[\/et_pb_slide][et_pb_slide heading=&#8221;Otrolig kiropraktor. Har varit p\u00e5 m\u00e5nga runt om i v\u00e4rlden, och den h\u00e4r platsen \u00e4r en favorit och f\u00f6rtj\u00e4nar 5 stj\u00e4rnor. Knud \u00e4r mycket flitig, fokuserad, brinner f\u00f6r att hj\u00e4lpa oss alla att vara friskare varelser och vet vad han g\u00f6r. Jag \u00e4lskade hur han f\u00f6rklarar saker f\u00f6r mig under behandlingen, vilket skapar f\u00f6rtroende, liksom hur omfattande behandlingen \u00e4r. Den h\u00e4r platsen \u00e4r en mycket v\u00e4loljad maskin &#8211; jag WhatsApped dem och kunde komma n\u00e4sta dag och kunde ha en uppf\u00f6ljning strax efter    &#8221; _builder_version=&#8221;4.27.4&#8243; header_font=&#8221;||||||||&#8221; background_color=&#8221;rgba(126,190,197,0)&#8221; global_colors_info=&#8221;{}&#8221; sticky_transition=&#8221;on&#8221;]<\/p>\n<p>&#8211; Anne Lepelaars<\/p>\n<p>[\/et_pb_slide][et_pb_slide heading=&#8221;B\u00e4sta kliniken och kiropraktorn \/ doktorn jag n\u00e5gonsin har tr\u00e4ffat!!! Har s\u00f6kt massor av v\u00e5rd i flera \u00e5r utan att f\u00e5 hj\u00e4lp. Han hittade genast mina problem och st\u00e4llde diagnos efter diagnos och behandlade mig direkt!!! S\u00e5 otroligt kompetent och en otroligt serviceminded receptionist. Rent, otroligt fr\u00e4scht!!! Kan varmt rekommendera denna klinik. Och s\u00e5 vidare. Nilla      &#8221; _builder_version=&#8221;4.27.4&#8243; header_font=&#8221;||||||||&#8221; background_color=&#8221;rgba(126,190,197,0)&#8221; global_colors_info=&#8221;{}&#8221; sticky_transition=&#8221;on&#8221;]<\/p>\n<p>&#8211; Gunilla Mathiasson<\/p>\n<p>[\/et_pb_slide][et_pb_slide heading=&#8221;Mycket professionell Det har l\u00f6st det problem jag hade.&#8221; _builder_version=&#8221;4.27.4&#8243; header_font=&#8221;||||||||&#8221; background_color=&#8221;rgba(126,190,197,0)&#8221; global_colors_info=&#8221;{}&#8221; sticky_transition=&#8221;on&#8221;]<\/p>\n<p>&#8211; Cosma Tamas<\/p>\n<p>[\/et_pb_slide][\/et_pb_slider][et_pb_button button_url=&#8221;https:\/\/www.google.com\/maps\/place\/Clinica+Quiropractica+Nerja\/@36.7421205,-3.8870199,17z\/data=!3m1!5s0xd722515131db051:0xcb498784b0bfc2ab!4m8!3m7!1s0xd7225120fd6daa3:0x85da678a187e8332!8m2!3d36.7421162!4d-3.884445!9m1!1b1!16s%2Fg%2F1tf6yq36?entry=ttu&amp;g_ep=EgoyMDI1MDUyNi4wIKXMDSoJLDEwMjExNDUzSAFQAw%3D%3D&#8221; button_text=&#8221;L\u00e4s fler recensioner p\u00e5 Google&#8221; button_alignment=&#8221;center&#8221; _builder_version=&#8221;4.27.4&#8243; _module_preset=&#8221;default&#8221; custom_button=&#8221;on&#8221; button_text_size=&#8221;17px&#8221; custom_margin=&#8221;-50px||-50px||false|false&#8221; global_colors_info=&#8221;{}&#8221;][\/et_pb_button][\/et_pb_column][\/et_pb_row][\/et_pb_section][et_pb_section fb_built=&#8221;1&#8243; admin_label=&#8221;Footer&#8221; _builder_version=&#8221;4.27.4&#8243; background_color=&#8221;RGBA(255,255,255,0)&#8221; use_background_color_gradient=&#8221;on&#8221; background_color_gradient_direction=&#8221;220deg&#8221; background_color_gradient_stops=&#8221;#ffffff 27%|rgba(255,255,255,0) 84%&#8221; background_color_gradient_overlays_image=&#8221;on&#8221; background_color_gradient_start=&#8221;#ffffff&#8221; background_color_gradient_start_position=&#8221;27%&#8221; background_color_gradient_end=&#8221;rgba(255,255,255,0)&#8221; background_color_gradient_end_position=&#8221;84%&#8221; background_image=&#8221;https:\/\/chiropracticnerja.com\/wp-content\/uploads\/2025\/05\/chiropractor-09.jpg&#8221; background_position=&#8221;top_center&#8221; custom_padding=&#8221;5vw|0px|20vw|0px|false|false&#8221; box_shadow_style=&#8221;preset7&#8243; box_shadow_horizontal=&#8221;10vw&#8221; box_shadow_vertical=&#8221;15vw&#8221; box_shadow_color=&#8221;#cccccc&#8221; box_shadow_vertical_tablet=&#8221;30vw&#8221; box_shadow_vertical_phone=&#8221;60vw&#8221; box_shadow_vertical_last_edited=&#8221;on|desktop&#8221; saved_tabs=&#8221;all&#8221; locked=&#8221;off&#8221; global_colors_info=&#8221;{}&#8221;][et_pb_row column_structure=&#8221;1_2,1_2&#8243; _builder_version=&#8221;4.16&#8243; locked=&#8221;off&#8221; global_colors_info=&#8221;{}&#8221;][et_pb_column type=&#8221;1_2&#8243; _builder_version=&#8221;4.16&#8243; custom_padding=&#8221;|||&#8221; global_colors_info=&#8221;{}&#8221; custom_padding__hover=&#8221;|||&#8221;][et_pb_text _builder_version=&#8221;4.27.4&#8243; text_font=&#8221;||||||||&#8221; text_font_size=&#8221;16px&#8221; text_line_height=&#8221;2em&#8221; header_2_font=&#8221;Gentium Basic|700|||||||&#8221; header_2_font_size=&#8221;50px&#8221; header_2_line_height=&#8221;1.2em&#8221; background_layout=&#8221;dark&#8221; module_alignment=&#8221;center&#8221; header_2_font_size_tablet=&#8221;40px&#8221; header_2_font_size_phone=&#8221;25px&#8221; header_2_font_size_last_edited=&#8221;on|phone&#8221; locked=&#8221;off&#8221; global_colors_info=&#8221;{}&#8221;]<\/p>\n<h2>Kontakta oss<\/h2>\n<p>[\/et_pb_text][\/et_pb_column][et_pb_column type=&#8221;1_2&#8243; _builder_version=&#8221;4.16&#8243; custom_padding=&#8221;|||&#8221; global_colors_info=&#8221;{}&#8221; custom_padding__hover=&#8221;|||&#8221;][et_pb_blurb title=&#8221;Kontakta oss&#8221; url=&#8221;@ET-DC@eyJkeW5hbWljIjp0cnVlLCJjb250ZW50IjoicG9zdF9saW5rX3VybF9wYWdlIiwic2V0dGluZ3MiOnsicG9zdF9pZCI6IjM1NCIsImVuYWJsZV9odG1sIjoib2ZmIn19@&#8221; url_new_window=&#8221;on&#8221; use_icon=&#8221;on&#8221; font_icon=&#8221;&#xe076;||divi||400&#8243; icon_color=&#8221;#ffffff&#8221; icon_placement=&#8221;left&#8221; image_icon_width=&#8221;19px&#8221; content_max_width=&#8221;100%&#8221; _builder_version=&#8221;4.27.4&#8243; _dynamic_attributes=&#8221;url&#8221; header_font=&#8221;|700|||||||&#8221; body_font_size=&#8221;14px&#8221; background_color=&#8221;#25b1e8&#8243; background_layout=&#8221;dark&#8221; custom_margin=&#8221;||0px&#8221; custom_margin_tablet=&#8221;0px|||&#8221; custom_margin_last_edited=&#8221;off|tablet&#8221; custom_padding=&#8221;60px|40px|20px|40px|false|true&#8221; animation=&#8221;off&#8221; icon_font_size=&#8221;19px&#8221; locked=&#8221;off&#8221; global_colors_info=&#8221;{}&#8221;][\/et_pb_blurb][et_pb_blurb title=&#8221;Ring oss&#8221; use_icon=&#8221;on&#8221; font_icon=&#8221;&#xe090;||divi||400&#8243; icon_color=&#8221;#ffffff&#8221; icon_placement=&#8221;left&#8221; image_icon_width=&#8221;19px&#8221; content_max_width=&#8221;100%&#8221; _builder_version=&#8221;4.27.4&#8243; header_font=&#8221;|700|||||||&#8221; body_font_size=&#8221;14px&#8221; background_color=&#8221;#25b1e8&#8243; background_layout=&#8221;dark&#8221; custom_margin=&#8221;||0px&#8221; custom_margin_tablet=&#8221;0px|||&#8221; custom_margin_last_edited=&#8221;off|tablet&#8221; custom_padding=&#8221;20px|40px|20px|40px|true|true&#8221; animation=&#8221;off&#8221; icon_font_size=&#8221;19px&#8221; locked=&#8221;off&#8221; global_colors_info=&#8221;{}&#8221;]<\/p>\n<p><a href=\"tel:%20+34619421121\">+34 619421121<\/a><\/p>\n<p><a href=\"tel:%20+34619421121\">+34952525390<\/a><\/p>\n<p>F\u00f6r sjukgymnastik ring <a href=\"tel:%20+34669829934\">+34669829934<\/a><\/p>\n<p>[\/et_pb_blurb][et_pb_blurb title=&#8221;Kontor&#8221; use_icon=&#8221;on&#8221; font_icon=&#8221;&#xe081;||divi||400&#8243; icon_color=&#8221;#ffffff&#8221; icon_placement=&#8221;left&#8221; image_icon_width=&#8221;19px&#8221; content_max_width=&#8221;100%&#8221; _builder_version=&#8221;4.27.4&#8243; header_font=&#8221;|700|||||||&#8221; body_font_size=&#8221;14px&#8221; background_color=&#8221;#25b1e8&#8243; background_layout=&#8221;dark&#8221; custom_margin=&#8221;||0px&#8221; custom_margin_tablet=&#8221;0px|||&#8221; custom_margin_last_edited=&#8221;off|tablet&#8221; custom_padding=&#8221;20px|40px|60px|40px|false|true&#8221; animation=&#8221;off&#8221; icon_font_size=&#8221;19px&#8221; locked=&#8221;off&#8221; global_colors_info=&#8221;{}&#8221;]<\/p>\n<p>Calle Merida 2, Nerja, Malaga<\/p>\n<p>[\/et_pb_blurb][et_pb_button button_url=&#8221;https:\/\/wa.me\/34619421121&#8243; button_text=&#8221;Skicka ett meddelande p\u00e5 WhatsApp&#8221; button_alignment=&#8221;left&#8221; _builder_version=&#8221;4.27.4&#8243; custom_button=&#8221;on&#8221; button_text_size=&#8221;17px&#8221; background_layout=&#8221;dark&#8221; custom_margin_tablet=&#8221;|0px||&#8221; custom_margin_last_edited=&#8221;off|desktop&#8221; button_bg_color_last_edited=&#8221;off|tablet&#8221; locked=&#8221;off&#8221; global_colors_info=&#8221;{}&#8221; button_bg_color__hover_enabled=&#8221;on&#8221; button_bg_color__hover=&#8221;#000000&#8243; button_bg_enable_color__hover=&#8221;on&#8221;][\/et_pb_button][\/et_pb_column][\/et_pb_row][\/et_pb_section]<\/p>\n","protected":false},"excerpt":{"rendered":"<p>Om oss. I \u00f6ver 30 \u00e5r har v\u00e5rt team varit passionerat och engagerat i att hj\u00e4lpa m\u00e4nniskor i alla \u00e5ldrar som lider av led- och muskelv\u00e4rk. Vi har m\u00e5nga \u00e5rs erfarenhet av att hj\u00e4lpa patienter med en rad olika symtom och \u00e4r stolta \u00f6ver att kunna erbjuda en v\u00e4nlig, omt\u00e4nksam och effektiv behandling som hj\u00e4lper [&hellip;]<\/p>\n","protected":false},"author":1,"featured_media":0,"parent":0,"menu_order":0,"comment_status":"closed","ping_status":"closed","template":"","meta":{"_et_pb_use_builder":"on","_et_pb_old_content":"","_et_gb_content_width":"","footnotes":""},"class_list":["post-703","page","type-page","status-publish","hentry"],"_links":{"self":[{"href":"https:\/\/chiropracticnerja.com\/sv\/wp-json\/wp\/v2\/pages\/703","targetHints":{"allow":["GET"]}}],"collection":[{"href":"https:\/\/chiropracticnerja.com\/sv\/wp-json\/wp\/v2\/pages"}],"about":[{"href":"https:\/\/chiropracticnerja.com\/sv\/wp-json\/wp\/v2\/types\/page"}],"author":[{"embeddable":true,"href":"https:\/\/chiropracticnerja.com\/sv\/wp-json\/wp\/v2\/users\/1"}],"replies":[{"embeddable":true,"href":"https:\/\/chiropracticnerja.com\/sv\/wp-json\/wp\/v2\/comments?post=703"}],"version-history":[{"count":6,"href":"https:\/\/chiropracticnerja.com\/sv\/wp-json\/wp\/v2\/pages\/703\/revisions"}],"predecessor-version":[{"id":903,"href":"https:\/\/chiropracticnerja.com\/sv\/wp-json\/wp\/v2\/pages\/703\/revisions\/903"}],"wp:attachment":[{"href":"https:\/\/chiropracticnerja.com\/sv\/wp-json\/wp\/v2\/media?parent=703"}],"curies":[{"name":"wp","href":"https:\/\/api.w.org\/{rel}","templated":true}]}}